{"id":1922,"date":"2020-06-24T14:16:49","date_gmt":"2020-06-24T12:16:49","guid":{"rendered":"https:\/\/variogroup.com\/?page_id=1922"},"modified":"2023-10-25T16:53:49","modified_gmt":"2023-10-25T14:53:49","slug":"kontakt-mit-variopool","status":"publish","type":"page","link":"https:\/\/variogroup.com\/de\/kontakt-mit-variopool\/","title":{"rendered":"Kontakt"},"content":{"rendered":"<p>Bei Fragen zu unseren Produkten wenden Sie sich bitte an einen der internationalen Kundenberater von Variopool. All unsere Mitarbeiter werden Ihnen gerne so gut wie m\u00f6glich zur Seite stehen. Sie denken gerne schon in der Vorphase eines m\u00f6glichen Neubaus mit Ihnen mit. Je fr\u00fcher sie in den Bauprozess involviert sind, desto besser ist der Rat an Sie.<\/p>\n<p>Sie k\u00f6nnen uns kontaktieren, indem Sie uns unter +31 226 333 000 anrufen, eine E-Mail an info@variopool.nl senden oder das Kontaktformular auf dieser Seite ausf\u00fcllen. Wir werden uns so schnell wie m\u00f6glich mit Ihnen in Verbindung setzen, um Ihre Fragen zu beantworten!<\/p>\n<p>F\u00fcr technischen Support, bei St\u00f6rungen oder f\u00fcr anderen Support k\u00f6nnen Sie ebenfalls das <a href=\"https:\/\/variogroup.com\/de\/kontakt\/\">Kontaktformular oder diese Seite<\/a> verwenden. Das Formular kann auch benutzt werden, um einen Wartungstermin zu vereinbaren.<\/p>\n","protected":false},"excerpt":{"rendered":"<p>Bei Fragen zu unseren Produkten wenden Sie sich bitte an einen der internationalen Kundenberater von Variopool. All unsere Mitarbeiter werden Ihnen gerne so gut wie m\u00f6glich zur Seite stehen. Sie denken gerne schon in der Vorphase eines m\u00f6glichen Neubaus mit Ihnen mit. Je fr\u00fcher sie in den Bauprozess involviert sind, desto besser ist der Rat [&hellip;]<\/p>\n","protected":false},"author":1,"featured_media":471,"parent":0,"menu_order":27,"comment_status":"closed","ping_status":"closed","template":"","meta":{"_acf_changed":false,"footnotes":""},"class_list":["post-1922","page","type-page","status-publish","has-post-thumbnail","hentry"],"acf":[],"yoast_head":"<!-- This site is optimized with the Yoast SEO Premium plugin v26.3 (Yoast SEO v26.3) - https:\/\/yoast.com\/wordpress\/plugins\/seo\/ -->\n<title>Kontakt mit der Variogroup Nederland - Variopool<\/title>\n<meta name=\"description\" content=\"Bei Fragen zu unseren Produkten wenden Sie sich bitte an einen der internationalen Kundenberater von Variopool. All unsere Mitarbeiter\" \/>\n<meta name=\"robots\" content=\"index, follow, max-snippet:-1, max-image-preview:large, max-video-preview:-1\" \/>\n<link rel=\"canonical\" href=\"https:\/\/variogroup.com\/de\/kontakt-mit-variopool\/\" \/>\n<meta property=\"og:locale\" content=\"de_DE\" \/>\n<meta property=\"og:type\" content=\"article\" \/>\n<meta property=\"og:title\" content=\"Kontakt\" \/>\n<meta property=\"og:description\" content=\"Bei Fragen zu unseren Produkten wenden Sie sich bitte an einen der internationalen Kundenberater von Variopool. All unsere Mitarbeiter\" \/>\n<meta property=\"og:url\" content=\"https:\/\/variogroup.com\/de\/kontakt-mit-variopool\/\" \/>\n<meta property=\"og:site_name\" content=\"Variogroup\" \/>\n<meta property=\"article:modified_time\" content=\"2023-10-25T14:53:49+00:00\" \/>\n<meta property=\"og:image\" content=\"https:\/\/variogroup.com\/wp-content\/uploads\/2020\/06\/contact.jpg\" \/>\n\t<meta property=\"og:image:width\" content=\"1200\" \/>\n\t<meta property=\"og:image:height\" content=\"400\" \/>\n\t<meta property=\"og:image:type\" content=\"image\/jpeg\" \/>\n<meta name=\"twitter:card\" content=\"summary_large_image\" \/>\n<meta name=\"twitter:label1\" content=\"Gesch\u00e4tzte Lesezeit\" \/>\n\t<meta name=\"twitter:data1\" content=\"1\u00a0Minute\" \/>\n<script type=\"application\/ld+json\" class=\"yoast-schema-graph\">{\"@context\":\"https:\/\/schema.org\",\"@graph\":[{\"@type\":\"WebPage\",\"@id\":\"https:\/\/variogroup.com\/de\/kontakt-mit-variopool\/\",\"url\":\"https:\/\/variogroup.com\/de\/kontakt-mit-variopool\/\",\"name\":\"Kontakt mit der Variogroup Nederland - Variopool\",\"isPartOf\":{\"@id\":\"https:\/\/variogroup.com\/#website\"},\"primaryImageOfPage\":{\"@id\":\"https:\/\/variogroup.com\/de\/kontakt-mit-variopool\/#primaryimage\"},\"image\":{\"@id\":\"https:\/\/variogroup.com\/de\/kontakt-mit-variopool\/#primaryimage\"},\"thumbnailUrl\":\"https:\/\/variogroup.com\/wp-content\/uploads\/2020\/06\/contact.jpg\",\"datePublished\":\"2020-06-24T12:16:49+00:00\",\"dateModified\":\"2023-10-25T14:53:49+00:00\",\"description\":\"Bei Fragen zu unseren Produkten wenden Sie sich bitte an einen der internationalen Kundenberater von Variopool. All unsere Mitarbeiter\",\"breadcrumb\":{\"@id\":\"https:\/\/variogroup.com\/de\/kontakt-mit-variopool\/#breadcrumb\"},\"inLanguage\":\"de\",\"potentialAction\":[{\"@type\":\"ReadAction\",\"target\":[\"https:\/\/variogroup.com\/de\/kontakt-mit-variopool\/\"]}]},{\"@type\":\"ImageObject\",\"inLanguage\":\"de\",\"@id\":\"https:\/\/variogroup.com\/de\/kontakt-mit-variopool\/#primaryimage\",\"url\":\"https:\/\/variogroup.com\/wp-content\/uploads\/2020\/06\/contact.jpg\",\"contentUrl\":\"https:\/\/variogroup.com\/wp-content\/uploads\/2020\/06\/contact.jpg\",\"width\":1200,\"height\":400,\"caption\":\"contact\"},{\"@type\":\"BreadcrumbList\",\"@id\":\"https:\/\/variogroup.com\/de\/kontakt-mit-variopool\/#breadcrumb\",\"itemListElement\":[{\"@type\":\"ListItem\",\"position\":1,\"name\":\"Home\",\"item\":\"https:\/\/variogroup.com\/de\/\"},{\"@type\":\"ListItem\",\"position\":2,\"name\":\"Kontakt\"}]},{\"@type\":\"WebSite\",\"@id\":\"https:\/\/variogroup.com\/#website\",\"url\":\"https:\/\/variogroup.com\/\",\"name\":\"Variogroup\",\"description\":\"VarioGroup is een overkoepelend Internationaal bedrijf welke actief is in de zwembadbranche\",\"publisher\":{\"@id\":\"https:\/\/variogroup.com\/#organization\"},\"potentialAction\":[{\"@type\":\"SearchAction\",\"target\":{\"@type\":\"EntryPoint\",\"urlTemplate\":\"https:\/\/variogroup.com\/?s={search_term_string}\"},\"query-input\":{\"@type\":\"PropertyValueSpecification\",\"valueRequired\":true,\"valueName\":\"search_term_string\"}}],\"inLanguage\":\"de\"},{\"@type\":\"Organization\",\"@id\":\"https:\/\/variogroup.com\/#organization\",\"name\":\"Variogroup - Movable floors and more\",\"url\":\"https:\/\/variogroup.com\/\",\"logo\":{\"@type\":\"ImageObject\",\"inLanguage\":\"de\",\"@id\":\"https:\/\/variogroup.com\/#\/schema\/logo\/image\/\",\"url\":\"https:\/\/variogroup.com\/wp-content\/uploads\/2020\/10\/all-logos.jpg\",\"contentUrl\":\"https:\/\/variogroup.com\/wp-content\/uploads\/2020\/10\/all-logos.jpg\",\"width\":1000,\"height\":217,\"caption\":\"Variogroup - Movable floors and more\"},\"image\":{\"@id\":\"https:\/\/variogroup.com\/#\/schema\/logo\/image\/\"},\"sameAs\":[\"https:\/\/www.linkedin.com\/company\/variopool-b-v\/\",\"https:\/\/www.youtube.com\/user\/VariopoolBV\"]}]}<\/script>\n<!-- \/ Yoast SEO Premium plugin. -->","yoast_head_json":{"title":"Kontakt mit der Variogroup Nederland - Variopool","description":"Bei Fragen zu unseren Produkten wenden Sie sich bitte an einen der internationalen Kundenberater von Variopool. All unsere Mitarbeiter","robots":{"index":"index","follow":"follow","max-snippet":"max-snippet:-1","max-image-preview":"max-image-preview:large","max-video-preview":"max-video-preview:-1"},"canonical":"https:\/\/variogroup.com\/de\/kontakt-mit-variopool\/","og_locale":"de_DE","og_type":"article","og_title":"Kontakt","og_description":"Bei Fragen zu unseren Produkten wenden Sie sich bitte an einen der internationalen Kundenberater von Variopool. All unsere Mitarbeiter","og_url":"https:\/\/variogroup.com\/de\/kontakt-mit-variopool\/","og_site_name":"Variogroup","article_modified_time":"2023-10-25T14:53:49+00:00","og_image":[{"width":1200,"height":400,"url":"https:\/\/variogroup.com\/wp-content\/uploads\/2020\/06\/contact.jpg","type":"image\/jpeg"}],"twitter_card":"summary_large_image","twitter_misc":{"Gesch\u00e4tzte Lesezeit":"1\u00a0Minute"},"schema":{"@context":"https:\/\/schema.org","@graph":[{"@type":"WebPage","@id":"https:\/\/variogroup.com\/de\/kontakt-mit-variopool\/","url":"https:\/\/variogroup.com\/de\/kontakt-mit-variopool\/","name":"Kontakt mit der Variogroup Nederland - Variopool","isPartOf":{"@id":"https:\/\/variogroup.com\/#website"},"primaryImageOfPage":{"@id":"https:\/\/variogroup.com\/de\/kontakt-mit-variopool\/#primaryimage"},"image":{"@id":"https:\/\/variogroup.com\/de\/kontakt-mit-variopool\/#primaryimage"},"thumbnailUrl":"https:\/\/variogroup.com\/wp-content\/uploads\/2020\/06\/contact.jpg","datePublished":"2020-06-24T12:16:49+00:00","dateModified":"2023-10-25T14:53:49+00:00","description":"Bei Fragen zu unseren Produkten wenden Sie sich bitte an einen der internationalen Kundenberater von Variopool. All unsere Mitarbeiter","breadcrumb":{"@id":"https:\/\/variogroup.com\/de\/kontakt-mit-variopool\/#breadcrumb"},"inLanguage":"de","potentialAction":[{"@type":"ReadAction","target":["https:\/\/variogroup.com\/de\/kontakt-mit-variopool\/"]}]},{"@type":"ImageObject","inLanguage":"de","@id":"https:\/\/variogroup.com\/de\/kontakt-mit-variopool\/#primaryimage","url":"https:\/\/variogroup.com\/wp-content\/uploads\/2020\/06\/contact.jpg","contentUrl":"https:\/\/variogroup.com\/wp-content\/uploads\/2020\/06\/contact.jpg","width":1200,"height":400,"caption":"contact"},{"@type":"BreadcrumbList","@id":"https:\/\/variogroup.com\/de\/kontakt-mit-variopool\/#breadcrumb","itemListElement":[{"@type":"ListItem","position":1,"name":"Home","item":"https:\/\/variogroup.com\/de\/"},{"@type":"ListItem","position":2,"name":"Kontakt"}]},{"@type":"WebSite","@id":"https:\/\/variogroup.com\/#website","url":"https:\/\/variogroup.com\/","name":"Variogroup","description":"VarioGroup is een overkoepelend Internationaal bedrijf welke actief is in de zwembadbranche","publisher":{"@id":"https:\/\/variogroup.com\/#organization"},"potentialAction":[{"@type":"SearchAction","target":{"@type":"EntryPoint","urlTemplate":"https:\/\/variogroup.com\/?s={search_term_string}"},"query-input":{"@type":"PropertyValueSpecification","valueRequired":true,"valueName":"search_term_string"}}],"inLanguage":"de"},{"@type":"Organization","@id":"https:\/\/variogroup.com\/#organization","name":"Variogroup - Movable floors and more","url":"https:\/\/variogroup.com\/","logo":{"@type":"ImageObject","inLanguage":"de","@id":"https:\/\/variogroup.com\/#\/schema\/logo\/image\/","url":"https:\/\/variogroup.com\/wp-content\/uploads\/2020\/10\/all-logos.jpg","contentUrl":"https:\/\/variogroup.com\/wp-content\/uploads\/2020\/10\/all-logos.jpg","width":1000,"height":217,"caption":"Variogroup - Movable floors and more"},"image":{"@id":"https:\/\/variogroup.com\/#\/schema\/logo\/image\/"},"sameAs":["https:\/\/www.linkedin.com\/company\/variopool-b-v\/","https:\/\/www.youtube.com\/user\/VariopoolBV"]}]}},"_links":{"self":[{"href":"https:\/\/variogroup.com\/de\/wp-json\/wp\/v2\/pages\/1922","targetHints":{"allow":["GET"]}}],"collection":[{"href":"https:\/\/variogroup.com\/de\/wp-json\/wp\/v2\/pages"}],"about":[{"href":"https:\/\/variogroup.com\/de\/wp-json\/wp\/v2\/types\/page"}],"author":[{"embeddable":true,"href":"https:\/\/variogroup.com\/de\/wp-json\/wp\/v2\/users\/1"}],"replies":[{"embeddable":true,"href":"https:\/\/variogroup.com\/de\/wp-json\/wp\/v2\/comments?post=1922"}],"version-history":[{"count":6,"href":"https:\/\/variogroup.com\/de\/wp-json\/wp\/v2\/pages\/1922\/revisions"}],"predecessor-version":[{"id":2199,"href":"https:\/\/variogroup.com\/de\/wp-json\/wp\/v2\/pages\/1922\/revisions\/2199"}],"wp:featuredmedia":[{"embeddable":true,"href":"https:\/\/variogroup.com\/de\/wp-json\/wp\/v2\/media\/471"}],"wp:attachment":[{"href":"https:\/\/variogroup.com\/de\/wp-json\/wp\/v2\/media?parent=1922"}],"curies":[{"name":"wp","href":"https:\/\/api.w.org\/{rel}","templated":true}]}}