{"id":2030,"date":"2020-07-08T15:48:03","date_gmt":"2020-07-08T13:48:03","guid":{"rendered":"https:\/\/variogroup.com\/?page_id=2030"},"modified":"2023-10-25T11:34:42","modified_gmt":"2023-10-25T09:34:42","slug":"ueber-ons","status":"publish","type":"page","link":"https:\/\/variogroup.com\/de\/ueber-ons\/","title":{"rendered":"\u00dcber ons"},"content":{"rendered":"<p>Variogroup ist der Sammelbegriff f\u00fcr alle Tochterunternehmen, die unter die Muttergesellschaft Variopool fallen. Zu dieser Gruppe geh\u00f6ren neben Variopool auch Varioplay, Variodeck, Holland Aqua Sight und Variomedic. Um zu zeigen, dass wir als eine Organisation operieren, haben wir unsere Unternehmen unter dem Namen Variogroup zusammengef\u00fchrt. Von dieser Website aus haben Sie die Wahl, direkt auf die spezifischen Websites zu klicken. Dort finden Sie die neuesten Informationen zu den Produkten, und wir gehen n\u00e4her auf die Informationen ein.<\/p>\n<h2>Jede Abteilung mit ihrem eigenen Spezialgebiet. Alles Wissen unter einem Dach.<\/h2>\n<p>Jedes Unternehmen hat seine eigene Spezialit\u00e4t. Bei Variopool konzentrieren wir uns haupts\u00e4chlich auf \u00f6ffentliche Schwimmb\u00e4der mit unseren innovativen Hubb\u00f6den und Hubw\u00e4nden. Wir sind jetzt in mehr als 30 L\u00e4ndern weltweit aktiv. Variopool steht f\u00fcr nachhaltige Qualit\u00e4t. Dies gilt f\u00fcr alle unsere Produkte. Wir arbeiten weiter an Innovationen.<\/p>\n<p>Wir haben Holland Aqua Sight f\u00fcr Hubb\u00f6den im privaten Bereich. Sie konzentrieren sich zu 100% auf diesen Sektor und liefern neben Hubb\u00f6den f\u00fcr private Schwimmb\u00e4der auch Acryl-Unterwasserfenster.<\/p>\n<p>Bei unserer Tochtergesellschaft Varioplay konzentrieren wir uns auf das komplette Schwimmbaddesign. Dies reicht von Rutschen, Treppen, Schwimmleinen, Befestigungsmaterialien bis hin zu kompletten Wasserspielpl\u00e4tzen (Spray Parks) und Zeitregistrierungssystemen von Swiss Timing. Variodeck konzentriert sich ausschlie\u00dflich auf Schwimmbadabdeckungen in verschiedenen, Gr\u00f6\u00dfen und Ausf\u00fchrungen.<\/p>\n<h2>Vom Hubboden bis zum Wasserspielplatz \/ Spray Park<\/h2>\n<p>Zu guter Letzt konzentrieren wir uns mit Variomedic auf den Hydrotherapie-Markt. Daf\u00fcr entwickeln wir spezielle, kleinere bewegliche B\u00f6den. Wir bieten auch verschiedene Mittel an, die es den Patienten erleichtern, in den Therapiepool zu gelangen. Denken Sie an diverse behindertengerechte Plattformen, eine Rampe oder verschiedene Arten von Treppen.<br \/>\nWir k\u00f6nnen uns kurz fassen &#8230; alle Disziplinen unter einem Dach mit mehr als 50 Jahren Erfahrung in Schwimmb\u00e4dern! Womit k\u00f6nnen wir Ihnen heute helfen?<\/p>\n","protected":false},"excerpt":{"rendered":"<p>Variogroup ist der Sammelbegriff f\u00fcr alle Tochterunternehmen, die unter die Muttergesellschaft Variopool fallen. Zu dieser Gruppe geh\u00f6ren neben Variopool auch Varioplay, Variodeck, Holland Aqua Sight und Variomedic. Um zu zeigen, dass wir als eine Organisation operieren, haben wir unsere Unternehmen unter dem Namen Variogroup zusammengef\u00fchrt. Von dieser Website aus haben Sie die Wahl, direkt auf [&hellip;]<\/p>\n","protected":false},"author":6,"featured_media":6580,"parent":0,"menu_order":40,"comment_status":"closed","ping_status":"closed","template":"","meta":{"_acf_changed":false,"footnotes":""},"class_list":["post-2030","page","type-page","status-publish","has-post-thumbnail","hentry"],"acf":[],"yoast_head":"<!-- This site is optimized with the Yoast SEO Premium plugin v26.3 (Yoast SEO v26.3) - https:\/\/yoast.com\/wordpress\/plugins\/seo\/ -->\n<title>Nachrichten und Aktualisierungen \u00fcber die Variogroup.<\/title>\n<meta name=\"description\" content=\"Variogroup ist der Sammelbegriff f\u00fcr alle Tochterunternehmen, die unter die Muttergesellschaft Variopool fallen.\" \/>\n<meta name=\"robots\" content=\"index, follow, max-snippet:-1, max-image-preview:large, max-video-preview:-1\" \/>\n<link rel=\"canonical\" href=\"https:\/\/variogroup.com\/de\/ueber-ons\/\" \/>\n<meta property=\"og:locale\" content=\"de_DE\" \/>\n<meta property=\"og:type\" content=\"article\" \/>\n<meta property=\"og:title\" content=\"\u00dcber ons\" \/>\n<meta property=\"og:description\" content=\"Variogroup ist der Sammelbegriff f\u00fcr alle Tochterunternehmen, die unter die Muttergesellschaft Variopool fallen.\" \/>\n<meta property=\"og:url\" content=\"https:\/\/variogroup.com\/de\/ueber-ons\/\" \/>\n<meta property=\"og:site_name\" content=\"Variogroup\" \/>\n<meta property=\"article:modified_time\" content=\"2023-10-25T09:34:42+00:00\" \/>\n<meta property=\"og:image\" content=\"https:\/\/variogroup.com\/wp-content\/uploads\/2020\/10\/VarioGroup.jpg\" \/>\n\t<meta property=\"og:image:width\" content=\"1200\" \/>\n\t<meta property=\"og:image:height\" content=\"500\" \/>\n\t<meta property=\"og:image:type\" content=\"image\/jpeg\" \/>\n<meta name=\"twitter:card\" content=\"summary_large_image\" \/>\n<meta name=\"twitter:label1\" content=\"Gesch\u00e4tzte Lesezeit\" \/>\n\t<meta name=\"twitter:data1\" content=\"2\u00a0Minuten\" \/>\n<script type=\"application\/ld+json\" class=\"yoast-schema-graph\">{\"@context\":\"https:\/\/schema.org\",\"@graph\":[{\"@type\":\"WebPage\",\"@id\":\"https:\/\/variogroup.com\/de\/ueber-ons\/\",\"url\":\"https:\/\/variogroup.com\/de\/ueber-ons\/\",\"name\":\"Nachrichten und Aktualisierungen \u00fcber die Variogroup.\",\"isPartOf\":{\"@id\":\"https:\/\/variogroup.com\/#website\"},\"primaryImageOfPage\":{\"@id\":\"https:\/\/variogroup.com\/de\/ueber-ons\/#primaryimage\"},\"image\":{\"@id\":\"https:\/\/variogroup.com\/de\/ueber-ons\/#primaryimage\"},\"thumbnailUrl\":\"https:\/\/variogroup.com\/wp-content\/uploads\/2020\/10\/VarioGroup.jpg\",\"datePublished\":\"2020-07-08T13:48:03+00:00\",\"dateModified\":\"2023-10-25T09:34:42+00:00\",\"description\":\"Variogroup ist der Sammelbegriff f\u00fcr alle Tochterunternehmen, die unter die Muttergesellschaft Variopool fallen.\",\"breadcrumb\":{\"@id\":\"https:\/\/variogroup.com\/de\/ueber-ons\/#breadcrumb\"},\"inLanguage\":\"de\",\"potentialAction\":[{\"@type\":\"ReadAction\",\"target\":[\"https:\/\/variogroup.com\/de\/ueber-ons\/\"]}]},{\"@type\":\"ImageObject\",\"inLanguage\":\"de\",\"@id\":\"https:\/\/variogroup.com\/de\/ueber-ons\/#primaryimage\",\"url\":\"https:\/\/variogroup.com\/wp-content\/uploads\/2020\/10\/VarioGroup.jpg\",\"contentUrl\":\"https:\/\/variogroup.com\/wp-content\/uploads\/2020\/10\/VarioGroup.jpg\",\"width\":1200,\"height\":500,\"caption\":\"VarioGroup\"},{\"@type\":\"BreadcrumbList\",\"@id\":\"https:\/\/variogroup.com\/de\/ueber-ons\/#breadcrumb\",\"itemListElement\":[{\"@type\":\"ListItem\",\"position\":1,\"name\":\"Home\",\"item\":\"https:\/\/variogroup.com\/de\/\"},{\"@type\":\"ListItem\",\"position\":2,\"name\":\"\u00dcber ons\"}]},{\"@type\":\"WebSite\",\"@id\":\"https:\/\/variogroup.com\/#website\",\"url\":\"https:\/\/variogroup.com\/\",\"name\":\"Variogroup\",\"description\":\"VarioGroup is een overkoepelend Internationaal bedrijf welke actief is in de zwembadbranche\",\"publisher\":{\"@id\":\"https:\/\/variogroup.com\/#organization\"},\"potentialAction\":[{\"@type\":\"SearchAction\",\"target\":{\"@type\":\"EntryPoint\",\"urlTemplate\":\"https:\/\/variogroup.com\/?s={search_term_string}\"},\"query-input\":{\"@type\":\"PropertyValueSpecification\",\"valueRequired\":true,\"valueName\":\"search_term_string\"}}],\"inLanguage\":\"de\"},{\"@type\":\"Organization\",\"@id\":\"https:\/\/variogroup.com\/#organization\",\"name\":\"Variogroup - Movable floors and more\",\"url\":\"https:\/\/variogroup.com\/\",\"logo\":{\"@type\":\"ImageObject\",\"inLanguage\":\"de\",\"@id\":\"https:\/\/variogroup.com\/#\/schema\/logo\/image\/\",\"url\":\"https:\/\/variogroup.com\/wp-content\/uploads\/2020\/10\/all-logos.jpg\",\"contentUrl\":\"https:\/\/variogroup.com\/wp-content\/uploads\/2020\/10\/all-logos.jpg\",\"width\":1000,\"height\":217,\"caption\":\"Variogroup - Movable floors and more\"},\"image\":{\"@id\":\"https:\/\/variogroup.com\/#\/schema\/logo\/image\/\"},\"sameAs\":[\"https:\/\/www.linkedin.com\/company\/variopool-b-v\/\",\"https:\/\/www.youtube.com\/user\/VariopoolBV\"]}]}<\/script>\n<!-- \/ Yoast SEO Premium plugin. -->","yoast_head_json":{"title":"Nachrichten und Aktualisierungen \u00fcber die Variogroup.","description":"Variogroup ist der Sammelbegriff f\u00fcr alle Tochterunternehmen, die unter die Muttergesellschaft Variopool fallen.","robots":{"index":"index","follow":"follow","max-snippet":"max-snippet:-1","max-image-preview":"max-image-preview:large","max-video-preview":"max-video-preview:-1"},"canonical":"https:\/\/variogroup.com\/de\/ueber-ons\/","og_locale":"de_DE","og_type":"article","og_title":"\u00dcber ons","og_description":"Variogroup ist der Sammelbegriff f\u00fcr alle Tochterunternehmen, die unter die Muttergesellschaft Variopool fallen.","og_url":"https:\/\/variogroup.com\/de\/ueber-ons\/","og_site_name":"Variogroup","article_modified_time":"2023-10-25T09:34:42+00:00","og_image":[{"width":1200,"height":500,"url":"https:\/\/variogroup.com\/wp-content\/uploads\/2020\/10\/VarioGroup.jpg","type":"image\/jpeg"}],"twitter_card":"summary_large_image","twitter_misc":{"Gesch\u00e4tzte Lesezeit":"2\u00a0Minuten"},"schema":{"@context":"https:\/\/schema.org","@graph":[{"@type":"WebPage","@id":"https:\/\/variogroup.com\/de\/ueber-ons\/","url":"https:\/\/variogroup.com\/de\/ueber-ons\/","name":"Nachrichten und Aktualisierungen \u00fcber die Variogroup.","isPartOf":{"@id":"https:\/\/variogroup.com\/#website"},"primaryImageOfPage":{"@id":"https:\/\/variogroup.com\/de\/ueber-ons\/#primaryimage"},"image":{"@id":"https:\/\/variogroup.com\/de\/ueber-ons\/#primaryimage"},"thumbnailUrl":"https:\/\/variogroup.com\/wp-content\/uploads\/2020\/10\/VarioGroup.jpg","datePublished":"2020-07-08T13:48:03+00:00","dateModified":"2023-10-25T09:34:42+00:00","description":"Variogroup ist der Sammelbegriff f\u00fcr alle Tochterunternehmen, die unter die Muttergesellschaft Variopool fallen.","breadcrumb":{"@id":"https:\/\/variogroup.com\/de\/ueber-ons\/#breadcrumb"},"inLanguage":"de","potentialAction":[{"@type":"ReadAction","target":["https:\/\/variogroup.com\/de\/ueber-ons\/"]}]},{"@type":"ImageObject","inLanguage":"de","@id":"https:\/\/variogroup.com\/de\/ueber-ons\/#primaryimage","url":"https:\/\/variogroup.com\/wp-content\/uploads\/2020\/10\/VarioGroup.jpg","contentUrl":"https:\/\/variogroup.com\/wp-content\/uploads\/2020\/10\/VarioGroup.jpg","width":1200,"height":500,"caption":"VarioGroup"},{"@type":"BreadcrumbList","@id":"https:\/\/variogroup.com\/de\/ueber-ons\/#breadcrumb","itemListElement":[{"@type":"ListItem","position":1,"name":"Home","item":"https:\/\/variogroup.com\/de\/"},{"@type":"ListItem","position":2,"name":"\u00dcber ons"}]},{"@type":"WebSite","@id":"https:\/\/variogroup.com\/#website","url":"https:\/\/variogroup.com\/","name":"Variogroup","description":"VarioGroup is een overkoepelend Internationaal bedrijf welke actief is in de zwembadbranche","publisher":{"@id":"https:\/\/variogroup.com\/#organization"},"potentialAction":[{"@type":"SearchAction","target":{"@type":"EntryPoint","urlTemplate":"https:\/\/variogroup.com\/?s={search_term_string}"},"query-input":{"@type":"PropertyValueSpecification","valueRequired":true,"valueName":"search_term_string"}}],"inLanguage":"de"},{"@type":"Organization","@id":"https:\/\/variogroup.com\/#organization","name":"Variogroup - Movable floors and more","url":"https:\/\/variogroup.com\/","logo":{"@type":"ImageObject","inLanguage":"de","@id":"https:\/\/variogroup.com\/#\/schema\/logo\/image\/","url":"https:\/\/variogroup.com\/wp-content\/uploads\/2020\/10\/all-logos.jpg","contentUrl":"https:\/\/variogroup.com\/wp-content\/uploads\/2020\/10\/all-logos.jpg","width":1000,"height":217,"caption":"Variogroup - Movable floors and more"},"image":{"@id":"https:\/\/variogroup.com\/#\/schema\/logo\/image\/"},"sameAs":["https:\/\/www.linkedin.com\/company\/variopool-b-v\/","https:\/\/www.youtube.com\/user\/VariopoolBV"]}]}},"_links":{"self":[{"href":"https:\/\/variogroup.com\/de\/wp-json\/wp\/v2\/pages\/2030","targetHints":{"allow":["GET"]}}],"collection":[{"href":"https:\/\/variogroup.com\/de\/wp-json\/wp\/v2\/pages"}],"about":[{"href":"https:\/\/variogroup.com\/de\/wp-json\/wp\/v2\/types\/page"}],"author":[{"embeddable":true,"href":"https:\/\/variogroup.com\/de\/wp-json\/wp\/v2\/users\/6"}],"replies":[{"embeddable":true,"href":"https:\/\/variogroup.com\/de\/wp-json\/wp\/v2\/comments?post=2030"}],"version-history":[{"count":7,"href":"https:\/\/variogroup.com\/de\/wp-json\/wp\/v2\/pages\/2030\/revisions"}],"predecessor-version":[{"id":2184,"href":"https:\/\/variogroup.com\/de\/wp-json\/wp\/v2\/pages\/2030\/revisions\/2184"}],"wp:featuredmedia":[{"embeddable":true,"href":"https:\/\/variogroup.com\/de\/wp-json\/wp\/v2\/media\/6580"}],"wp:attachment":[{"href":"https:\/\/variogroup.com\/de\/wp-json\/wp\/v2\/media?parent=2030"}],"curies":[{"name":"wp","href":"https:\/\/api.w.org\/{rel}","templated":true}]}}