{"id":1993,"date":"2020-07-08T14:20:13","date_gmt":"2020-07-08T12:20:13","guid":{"rendered":"https:\/\/variogroup.com\/?page_id=1993"},"modified":"2024-07-08T15:28:46","modified_gmt":"2024-07-08T13:28:46","slug":"contactez-variogroup-en-france","status":"publish","type":"page","link":"https:\/\/variogroup.com\/fr\/contactez-variogroup-en-france\/","title":{"rendered":"Contact"},"content":{"rendered":"<p>Depuis des ann\u00e9es, VarioGroup est synonyme de \u00ab\u00a0services &amp; qualit\u00e9\u00a0\u00bb\u00a0et nous en sommes fiers ! Nous adorons relever les d\u00e9fis\u00a0pr\u00e9sentant des probl\u00e9matiques qui aboutissent, gr\u00e2ce \u00e0 nos comp\u00e9tences, \u00e0 des solutions id\u00e9ales pour votre piscine.<\/p>\n<p>Si vous souhaitez entreprendre la construction ou la r\u00e9habilitation d\u2019une piscine, pensez \u00e0 contacter nos agents commerciaux le plus t\u00f4t possible afin qu\u2019ils puissent vous conseiller tout au long de votre projet. Fa\u00eetes bon usage de notre exp\u00e9rience pour votre piscine.<\/p>\n<p>Prenez un rendez-vous d\u00e8s maintenant avec nos agents commerciaux pour toute question, un devis ou un simple conseil. Nous reviendrons vers vous d\u00e8s que possible.<\/p>\n","protected":false},"excerpt":{"rendered":"<p>Depuis des ann\u00e9es, VarioGroup est synonyme de \u00ab\u00a0services &amp; qualit\u00e9\u00a0\u00bb\u00a0et nous en sommes fiers ! Nous adorons relever les d\u00e9fis\u00a0pr\u00e9sentant des probl\u00e9matiques qui aboutissent, gr\u00e2ce \u00e0 nos comp\u00e9tences, \u00e0 des solutions id\u00e9ales pour votre piscine. Si vous souhaitez entreprendre la construction ou la r\u00e9habilitation d\u2019une piscine, pensez \u00e0 contacter nos agents commerciaux le plus t\u00f4t [&hellip;]<\/p>\n","protected":false},"author":6,"featured_media":470,"parent":0,"menu_order":27,"comment_status":"closed","ping_status":"closed","template":"","meta":{"_acf_changed":false,"footnotes":""},"class_list":["post-1993","page","type-page","status-publish","has-post-thumbnail","hentry"],"acf":[],"yoast_head":"<!-- This site is optimized with the Yoast SEO Premium plugin v26.3 (Yoast SEO v26.3) - https:\/\/yoast.com\/wordpress\/plugins\/seo\/ -->\n<title>Contactez Variogroup en France - Fonds mobiles bassin publics<\/title>\n<meta name=\"description\" content=\"Depuis des ann\u00e9es, VarioGroup est synonyme de \u00ab\u00a0services &amp; qualit\u00e9\u00a0\u00bb\u00a0et nous en sommes fiers ! Nous adorons relever les d\u00e9fis\u00a0pr\u00e9sentant\" \/>\n<meta name=\"robots\" content=\"index, follow, max-snippet:-1, max-image-preview:large, max-video-preview:-1\" \/>\n<link rel=\"canonical\" href=\"https:\/\/variogroup.com\/fr\/contactez-variogroup-en-france\/\" \/>\n<meta property=\"og:locale\" content=\"fr_FR\" \/>\n<meta property=\"og:type\" content=\"article\" \/>\n<meta property=\"og:title\" content=\"Contact\" \/>\n<meta property=\"og:description\" content=\"Depuis des ann\u00e9es, VarioGroup est synonyme de \u00ab\u00a0services &amp; qualit\u00e9\u00a0\u00bb\u00a0et nous en sommes fiers ! Nous adorons relever les d\u00e9fis\u00a0pr\u00e9sentant\" \/>\n<meta property=\"og:url\" content=\"https:\/\/variogroup.com\/fr\/contactez-variogroup-en-france\/\" \/>\n<meta property=\"og:site_name\" content=\"Variogroup\" \/>\n<meta property=\"article:modified_time\" content=\"2024-07-08T13:28:46+00:00\" \/>\n<meta property=\"og:image\" content=\"https:\/\/variogroup.com\/wp-content\/uploads\/2020\/06\/contact.jpg\" \/>\n\t<meta property=\"og:image:width\" content=\"1200\" \/>\n\t<meta property=\"og:image:height\" content=\"400\" \/>\n\t<meta property=\"og:image:type\" content=\"image\/jpeg\" \/>\n<meta name=\"twitter:card\" content=\"summary_large_image\" \/>\n<meta name=\"twitter:label1\" content=\"Dur\u00e9e de lecture estim\u00e9e\" \/>\n\t<meta name=\"twitter:data1\" content=\"2 minutes\" \/>\n<script type=\"application\/ld+json\" class=\"yoast-schema-graph\">{\"@context\":\"https:\/\/schema.org\",\"@graph\":[{\"@type\":\"WebPage\",\"@id\":\"https:\/\/variogroup.com\/fr\/contactez-variogroup-en-france\/\",\"url\":\"https:\/\/variogroup.com\/fr\/contactez-variogroup-en-france\/\",\"name\":\"Contactez Variogroup en France - Fonds mobiles bassin publics\",\"isPartOf\":{\"@id\":\"https:\/\/variogroup.com\/#website\"},\"primaryImageOfPage\":{\"@id\":\"https:\/\/variogroup.com\/fr\/contactez-variogroup-en-france\/#primaryimage\"},\"image\":{\"@id\":\"https:\/\/variogroup.com\/fr\/contactez-variogroup-en-france\/#primaryimage\"},\"thumbnailUrl\":\"https:\/\/variogroup.com\/wp-content\/uploads\/2020\/06\/contact.jpg\",\"datePublished\":\"2020-07-08T12:20:13+00:00\",\"dateModified\":\"2024-07-08T13:28:46+00:00\",\"description\":\"Depuis des ann\u00e9es, VarioGroup est synonyme de \u00ab\u00a0services & qualit\u00e9\u00a0\u00bb\u00a0et nous en sommes fiers ! Nous adorons relever les d\u00e9fis\u00a0pr\u00e9sentant\",\"breadcrumb\":{\"@id\":\"https:\/\/variogroup.com\/fr\/contactez-variogroup-en-france\/#breadcrumb\"},\"inLanguage\":\"fr-FR\",\"potentialAction\":[{\"@type\":\"ReadAction\",\"target\":[\"https:\/\/variogroup.com\/fr\/contactez-variogroup-en-france\/\"]}]},{\"@type\":\"ImageObject\",\"inLanguage\":\"fr-FR\",\"@id\":\"https:\/\/variogroup.com\/fr\/contactez-variogroup-en-france\/#primaryimage\",\"url\":\"https:\/\/variogroup.com\/wp-content\/uploads\/2020\/06\/contact.jpg\",\"contentUrl\":\"https:\/\/variogroup.com\/wp-content\/uploads\/2020\/06\/contact.jpg\",\"width\":1200,\"height\":400,\"caption\":\"contact\"},{\"@type\":\"BreadcrumbList\",\"@id\":\"https:\/\/variogroup.com\/fr\/contactez-variogroup-en-france\/#breadcrumb\",\"itemListElement\":[{\"@type\":\"ListItem\",\"position\":1,\"name\":\"Home\",\"item\":\"https:\/\/variogroup.com\/fr\/\"},{\"@type\":\"ListItem\",\"position\":2,\"name\":\"Contact\"}]},{\"@type\":\"WebSite\",\"@id\":\"https:\/\/variogroup.com\/#website\",\"url\":\"https:\/\/variogroup.com\/\",\"name\":\"Variogroup\",\"description\":\"VarioGroup is een overkoepelend Internationaal bedrijf welke actief is in de zwembadbranche\",\"publisher\":{\"@id\":\"https:\/\/variogroup.com\/#organization\"},\"potentialAction\":[{\"@type\":\"SearchAction\",\"target\":{\"@type\":\"EntryPoint\",\"urlTemplate\":\"https:\/\/variogroup.com\/?s={search_term_string}\"},\"query-input\":{\"@type\":\"PropertyValueSpecification\",\"valueRequired\":true,\"valueName\":\"search_term_string\"}}],\"inLanguage\":\"fr-FR\"},{\"@type\":\"Organization\",\"@id\":\"https:\/\/variogroup.com\/#organization\",\"name\":\"Variogroup - Movable floors and more\",\"url\":\"https:\/\/variogroup.com\/\",\"logo\":{\"@type\":\"ImageObject\",\"inLanguage\":\"fr-FR\",\"@id\":\"https:\/\/variogroup.com\/#\/schema\/logo\/image\/\",\"url\":\"https:\/\/variogroup.com\/wp-content\/uploads\/2020\/10\/all-logos.jpg\",\"contentUrl\":\"https:\/\/variogroup.com\/wp-content\/uploads\/2020\/10\/all-logos.jpg\",\"width\":1000,\"height\":217,\"caption\":\"Variogroup - Movable floors and more\"},\"image\":{\"@id\":\"https:\/\/variogroup.com\/#\/schema\/logo\/image\/\"},\"sameAs\":[\"https:\/\/www.linkedin.com\/company\/variopool-b-v\/\",\"https:\/\/www.youtube.com\/user\/VariopoolBV\"]}]}<\/script>\n<!-- \/ Yoast SEO Premium plugin. -->","yoast_head_json":{"title":"Contactez Variogroup en France - Fonds mobiles bassin publics","description":"Depuis des ann\u00e9es, VarioGroup est synonyme de \u00ab\u00a0services & qualit\u00e9\u00a0\u00bb\u00a0et nous en sommes fiers ! Nous adorons relever les d\u00e9fis\u00a0pr\u00e9sentant","robots":{"index":"index","follow":"follow","max-snippet":"max-snippet:-1","max-image-preview":"max-image-preview:large","max-video-preview":"max-video-preview:-1"},"canonical":"https:\/\/variogroup.com\/fr\/contactez-variogroup-en-france\/","og_locale":"fr_FR","og_type":"article","og_title":"Contact","og_description":"Depuis des ann\u00e9es, VarioGroup est synonyme de \u00ab\u00a0services & qualit\u00e9\u00a0\u00bb\u00a0et nous en sommes fiers ! Nous adorons relever les d\u00e9fis\u00a0pr\u00e9sentant","og_url":"https:\/\/variogroup.com\/fr\/contactez-variogroup-en-france\/","og_site_name":"Variogroup","article_modified_time":"2024-07-08T13:28:46+00:00","og_image":[{"width":1200,"height":400,"url":"https:\/\/variogroup.com\/wp-content\/uploads\/2020\/06\/contact.jpg","type":"image\/jpeg"}],"twitter_card":"summary_large_image","twitter_misc":{"Dur\u00e9e de lecture estim\u00e9e":"2 minutes"},"schema":{"@context":"https:\/\/schema.org","@graph":[{"@type":"WebPage","@id":"https:\/\/variogroup.com\/fr\/contactez-variogroup-en-france\/","url":"https:\/\/variogroup.com\/fr\/contactez-variogroup-en-france\/","name":"Contactez Variogroup en France - Fonds mobiles bassin publics","isPartOf":{"@id":"https:\/\/variogroup.com\/#website"},"primaryImageOfPage":{"@id":"https:\/\/variogroup.com\/fr\/contactez-variogroup-en-france\/#primaryimage"},"image":{"@id":"https:\/\/variogroup.com\/fr\/contactez-variogroup-en-france\/#primaryimage"},"thumbnailUrl":"https:\/\/variogroup.com\/wp-content\/uploads\/2020\/06\/contact.jpg","datePublished":"2020-07-08T12:20:13+00:00","dateModified":"2024-07-08T13:28:46+00:00","description":"Depuis des ann\u00e9es, VarioGroup est synonyme de \u00ab\u00a0services & qualit\u00e9\u00a0\u00bb\u00a0et nous en sommes fiers ! Nous adorons relever les d\u00e9fis\u00a0pr\u00e9sentant","breadcrumb":{"@id":"https:\/\/variogroup.com\/fr\/contactez-variogroup-en-france\/#breadcrumb"},"inLanguage":"fr-FR","potentialAction":[{"@type":"ReadAction","target":["https:\/\/variogroup.com\/fr\/contactez-variogroup-en-france\/"]}]},{"@type":"ImageObject","inLanguage":"fr-FR","@id":"https:\/\/variogroup.com\/fr\/contactez-variogroup-en-france\/#primaryimage","url":"https:\/\/variogroup.com\/wp-content\/uploads\/2020\/06\/contact.jpg","contentUrl":"https:\/\/variogroup.com\/wp-content\/uploads\/2020\/06\/contact.jpg","width":1200,"height":400,"caption":"contact"},{"@type":"BreadcrumbList","@id":"https:\/\/variogroup.com\/fr\/contactez-variogroup-en-france\/#breadcrumb","itemListElement":[{"@type":"ListItem","position":1,"name":"Home","item":"https:\/\/variogroup.com\/fr\/"},{"@type":"ListItem","position":2,"name":"Contact"}]},{"@type":"WebSite","@id":"https:\/\/variogroup.com\/#website","url":"https:\/\/variogroup.com\/","name":"Variogroup","description":"VarioGroup is een overkoepelend Internationaal bedrijf welke actief is in de zwembadbranche","publisher":{"@id":"https:\/\/variogroup.com\/#organization"},"potentialAction":[{"@type":"SearchAction","target":{"@type":"EntryPoint","urlTemplate":"https:\/\/variogroup.com\/?s={search_term_string}"},"query-input":{"@type":"PropertyValueSpecification","valueRequired":true,"valueName":"search_term_string"}}],"inLanguage":"fr-FR"},{"@type":"Organization","@id":"https:\/\/variogroup.com\/#organization","name":"Variogroup - Movable floors and more","url":"https:\/\/variogroup.com\/","logo":{"@type":"ImageObject","inLanguage":"fr-FR","@id":"https:\/\/variogroup.com\/#\/schema\/logo\/image\/","url":"https:\/\/variogroup.com\/wp-content\/uploads\/2020\/10\/all-logos.jpg","contentUrl":"https:\/\/variogroup.com\/wp-content\/uploads\/2020\/10\/all-logos.jpg","width":1000,"height":217,"caption":"Variogroup - Movable floors and more"},"image":{"@id":"https:\/\/variogroup.com\/#\/schema\/logo\/image\/"},"sameAs":["https:\/\/www.linkedin.com\/company\/variopool-b-v\/","https:\/\/www.youtube.com\/user\/VariopoolBV"]}]}},"_links":{"self":[{"href":"https:\/\/variogroup.com\/fr\/wp-json\/wp\/v2\/pages\/1993","targetHints":{"allow":["GET"]}}],"collection":[{"href":"https:\/\/variogroup.com\/fr\/wp-json\/wp\/v2\/pages"}],"about":[{"href":"https:\/\/variogroup.com\/fr\/wp-json\/wp\/v2\/types\/page"}],"author":[{"embeddable":true,"href":"https:\/\/variogroup.com\/fr\/wp-json\/wp\/v2\/users\/6"}],"replies":[{"embeddable":true,"href":"https:\/\/variogroup.com\/fr\/wp-json\/wp\/v2\/comments?post=1993"}],"version-history":[{"count":14,"href":"https:\/\/variogroup.com\/fr\/wp-json\/wp\/v2\/pages\/1993\/revisions"}],"predecessor-version":[{"id":8645,"href":"https:\/\/variogroup.com\/fr\/wp-json\/wp\/v2\/pages\/1993\/revisions\/8645"}],"wp:featuredmedia":[{"embeddable":true,"href":"https:\/\/variogroup.com\/fr\/wp-json\/wp\/v2\/media\/470"}],"wp:attachment":[{"href":"https:\/\/variogroup.com\/fr\/wp-json\/wp\/v2\/media?parent=1993"}],"curies":[{"name":"wp","href":"https:\/\/api.w.org\/{rel}","templated":true}]}}