{"id":2001,"date":"2020-07-08T14:25:15","date_gmt":"2020-07-08T12:25:15","guid":{"rendered":"https:\/\/variogroup.com\/?page_id=2001"},"modified":"2024-07-08T17:32:44","modified_gmt":"2024-07-08T15:32:44","slug":"qui-sommes-nous","status":"publish","type":"page","link":"https:\/\/variogroup.com\/fr\/qui-sommes-nous\/","title":{"rendered":"Qui sommes nous"},"content":{"rendered":"<p>VarioGroup est le nom regroupant toutes les filiales de Variopool. Ce groupe inclut Variopool, Varioplay, Variodeck, Holland Aqua Sight et Variomedic. Pour montrer que nous ne faisons qu\u2019un, nous avons d\u00e9cid\u00e9 de fusionner nos compagnies sous le nom de VarioGroup.<\/p>\n<p>Depuis ce site, vous avez la possibilit\u00e9 d\u2019acc\u00e9der directement aux sites des diff\u00e9rents filiales\u00a0; vous y trouverez les actualit\u00e9s sur nos produits accompagn\u00e9es d\u2019informations d\u00e9taill\u00e9es.<\/p>\n<h2>Chaque enseigne, sp\u00e9cialiste en son domaine d\u2019activit\u00e9. Tous les experts sous un m\u00eame toit.<\/h2>\n<p>Chaque soci\u00e9t\u00e9 \u00e9volue dans son propre domaine d\u2019activit\u00e9. L\u2019entreprise Variopool se concentre surtout sur les piscines publiques avec les fonds et murs mobiles. Pr\u00e9sente dans plus de 30 pays \u00e0 travers le monde, la soci\u00e9t\u00e9 Variopool associe ses produits \u00e0 un gage de qualit\u00e9 mais continue \u00e0 innover chaque jour en mettant un point d\u2019honneur \u00e0 une constante \u00e9volution technique et qualitative.<\/p>\n<p>Les fonds mobiles pour les piscines priv\u00e9es sont install\u00e9s sous la responsabilit\u00e9 de Holland Aqua Sight qui supervise 100% des affaires relatives au march\u00e9 priv\u00e9. Holland Aqua Sight, en plus des fonds mobiles pr\u00e9cit\u00e9s, fournit et installe \u00e9galement des panneaux de verre en acrylique, sous-marins, en guise de parois ext\u00e9rieures de piscine, parois qui peuvent \u00eatre \u00e0 d\u00e9bordement.<\/p>\n<p>Avec notre succursale Varioplay, nous nous concentrons sur la fourniture d\u2019un package complet relatif au design de la piscine en pr\u00e9sentant une gamme vari\u00e9e d\u2019\u00e9quipements compl\u00e9mentaires\u00a0incluant des toboggans, des escaliers, des lignes de nage, du mat\u00e9riel de montage pour des parcs de jets d\u2019eau et des syst\u00e8mes de chronom\u00e9trage par le biais de la marque Swiss Timing.<\/p>\n<p>Notre filiale Variodeck, quant \u00e0 elle, est sp\u00e9cialis\u00e9e dans les couvertures thermiques et offre un large choix de tailles, formes et options d\u2019installation des dites couvertures thermiques.<\/p>\n<h2>Tout, depuis le fond mobile jusqu\u2019au parc \u00e0 jets d\u2019eau<\/h2>\n<p>Et enfin, Variomedic. La soci\u00e9t\u00e9 Variomedic est sp\u00e9cialis\u00e9e dans le domaine th\u00e9rapeutique, plus pr\u00e9cis\u00e9ment en hydroth\u00e9rapie. Nous avons ainsi tout particuli\u00e8rement d\u00e9velopp\u00e9 des fonds mobiles plus petits, des bou\u00e9es et ceintures de flottaison et des \u00e9quipements destin\u00e9s \u00e0 aider les patients \u00e0 entrer dans l\u2019eau et en sortir plus facilement. Comme, par exemple, divers appareils de mise \u00e0 l\u2019eau pour personnes \u00e0 mobilit\u00e9 r\u00e9duite, des rampes d\u2019acc\u00e8s et diff\u00e9rents types d\u2019escaliers sp\u00e9cifiques.<\/p>\n<p>En r\u00e9sum\u00e9\u2026toutes les activit\u00e9s, li\u00e9es aux \u00e9quipements de piscine, sont repr\u00e9sent\u00e9es sous une m\u00eame enseigne rassemblant un savoir-faire de plus de 50 ann\u00e9es d\u2019exp\u00e9rience ! Comment pouvons-nous vous conseiller aujourd\u2019hui\u00a0?<\/p>\n","protected":false},"excerpt":{"rendered":"<p>VarioGroup est le nom regroupant toutes les filiales de Variopool. Ce groupe inclut Variopool, Varioplay, Variodeck, Holland Aqua Sight et Variomedic. Pour montrer que nous ne faisons qu\u2019un, nous avons d\u00e9cid\u00e9 de fusionner nos compagnies sous le nom de VarioGroup. Depuis ce site, vous avez la possibilit\u00e9 d\u2019acc\u00e9der directement aux sites des diff\u00e9rents filiales\u00a0; vous [&hellip;]<\/p>\n","protected":false},"author":6,"featured_media":6579,"parent":0,"menu_order":40,"comment_status":"closed","ping_status":"closed","template":"","meta":{"_acf_changed":false,"footnotes":""},"class_list":["post-2001","page","type-page","status-publish","has-post-thumbnail","hentry"],"acf":[],"yoast_head":"<!-- This site is optimized with the Yoast SEO Premium plugin v26.3 (Yoast SEO v26.3) - https:\/\/yoast.com\/wordpress\/plugins\/seo\/ -->\n<title>Nous vous pr\u00e9sentons le Groupe Variogroup | Variopool BV<\/title>\n<meta name=\"description\" content=\"VarioGroup est le nom regroupant toutes les filiales de Variopool. Ce groupe inclut Variopool, Varioplay, Variodeck, Holland Aqua Sight\" \/>\n<meta name=\"robots\" content=\"index, follow, max-snippet:-1, max-image-preview:large, max-video-preview:-1\" \/>\n<link rel=\"canonical\" href=\"https:\/\/variogroup.com\/fr\/qui-sommes-nous\/\" \/>\n<meta property=\"og:locale\" content=\"fr_FR\" \/>\n<meta property=\"og:type\" content=\"article\" \/>\n<meta property=\"og:title\" content=\"Qui sommes nous\" \/>\n<meta property=\"og:description\" content=\"VarioGroup est le nom regroupant toutes les filiales de Variopool. Ce groupe inclut Variopool, Varioplay, Variodeck, Holland Aqua Sight\" \/>\n<meta property=\"og:url\" content=\"https:\/\/variogroup.com\/fr\/qui-sommes-nous\/\" \/>\n<meta property=\"og:site_name\" content=\"Variogroup\" \/>\n<meta property=\"article:modified_time\" content=\"2024-07-08T15:32:44+00:00\" \/>\n<meta property=\"og:image\" content=\"https:\/\/variogroup.com\/wp-content\/uploads\/2020\/10\/VarioGroup.jpg\" \/>\n\t<meta property=\"og:image:width\" content=\"1200\" \/>\n\t<meta property=\"og:image:height\" content=\"500\" \/>\n\t<meta property=\"og:image:type\" content=\"image\/jpeg\" \/>\n<meta name=\"twitter:card\" content=\"summary_large_image\" \/>\n<meta name=\"twitter:label1\" content=\"Dur\u00e9e de lecture estim\u00e9e\" \/>\n\t<meta name=\"twitter:data1\" content=\"6 minutes\" \/>\n<script type=\"application\/ld+json\" class=\"yoast-schema-graph\">{\"@context\":\"https:\/\/schema.org\",\"@graph\":[{\"@type\":\"WebPage\",\"@id\":\"https:\/\/variogroup.com\/fr\/qui-sommes-nous\/\",\"url\":\"https:\/\/variogroup.com\/fr\/qui-sommes-nous\/\",\"name\":\"Nous vous pr\u00e9sentons le Groupe Variogroup | Variopool BV\",\"isPartOf\":{\"@id\":\"https:\/\/variogroup.com\/#website\"},\"primaryImageOfPage\":{\"@id\":\"https:\/\/variogroup.com\/fr\/qui-sommes-nous\/#primaryimage\"},\"image\":{\"@id\":\"https:\/\/variogroup.com\/fr\/qui-sommes-nous\/#primaryimage\"},\"thumbnailUrl\":\"https:\/\/variogroup.com\/wp-content\/uploads\/2020\/10\/VarioGroup.jpg\",\"datePublished\":\"2020-07-08T12:25:15+00:00\",\"dateModified\":\"2024-07-08T15:32:44+00:00\",\"description\":\"VarioGroup est le nom regroupant toutes les filiales de Variopool. Ce groupe inclut Variopool, Varioplay, Variodeck, Holland Aqua Sight\",\"breadcrumb\":{\"@id\":\"https:\/\/variogroup.com\/fr\/qui-sommes-nous\/#breadcrumb\"},\"inLanguage\":\"fr-FR\",\"potentialAction\":[{\"@type\":\"ReadAction\",\"target\":[\"https:\/\/variogroup.com\/fr\/qui-sommes-nous\/\"]}]},{\"@type\":\"ImageObject\",\"inLanguage\":\"fr-FR\",\"@id\":\"https:\/\/variogroup.com\/fr\/qui-sommes-nous\/#primaryimage\",\"url\":\"https:\/\/variogroup.com\/wp-content\/uploads\/2020\/10\/VarioGroup.jpg\",\"contentUrl\":\"https:\/\/variogroup.com\/wp-content\/uploads\/2020\/10\/VarioGroup.jpg\",\"width\":1200,\"height\":500,\"caption\":\"VarioGroup\"},{\"@type\":\"BreadcrumbList\",\"@id\":\"https:\/\/variogroup.com\/fr\/qui-sommes-nous\/#breadcrumb\",\"itemListElement\":[{\"@type\":\"ListItem\",\"position\":1,\"name\":\"Home\",\"item\":\"https:\/\/variogroup.com\/fr\/\"},{\"@type\":\"ListItem\",\"position\":2,\"name\":\"Qui sommes nous\"}]},{\"@type\":\"WebSite\",\"@id\":\"https:\/\/variogroup.com\/#website\",\"url\":\"https:\/\/variogroup.com\/\",\"name\":\"Variogroup\",\"description\":\"VarioGroup is een overkoepelend Internationaal bedrijf welke actief is in de zwembadbranche\",\"publisher\":{\"@id\":\"https:\/\/variogroup.com\/#organization\"},\"potentialAction\":[{\"@type\":\"SearchAction\",\"target\":{\"@type\":\"EntryPoint\",\"urlTemplate\":\"https:\/\/variogroup.com\/?s={search_term_string}\"},\"query-input\":{\"@type\":\"PropertyValueSpecification\",\"valueRequired\":true,\"valueName\":\"search_term_string\"}}],\"inLanguage\":\"fr-FR\"},{\"@type\":\"Organization\",\"@id\":\"https:\/\/variogroup.com\/#organization\",\"name\":\"Variogroup - Movable floors and more\",\"url\":\"https:\/\/variogroup.com\/\",\"logo\":{\"@type\":\"ImageObject\",\"inLanguage\":\"fr-FR\",\"@id\":\"https:\/\/variogroup.com\/#\/schema\/logo\/image\/\",\"url\":\"https:\/\/variogroup.com\/wp-content\/uploads\/2020\/10\/all-logos.jpg\",\"contentUrl\":\"https:\/\/variogroup.com\/wp-content\/uploads\/2020\/10\/all-logos.jpg\",\"width\":1000,\"height\":217,\"caption\":\"Variogroup - Movable floors and more\"},\"image\":{\"@id\":\"https:\/\/variogroup.com\/#\/schema\/logo\/image\/\"},\"sameAs\":[\"https:\/\/www.linkedin.com\/company\/variopool-b-v\/\",\"https:\/\/www.youtube.com\/user\/VariopoolBV\"]}]}<\/script>\n<!-- \/ Yoast SEO Premium plugin. -->","yoast_head_json":{"title":"Nous vous pr\u00e9sentons le Groupe Variogroup | Variopool BV","description":"VarioGroup est le nom regroupant toutes les filiales de Variopool. Ce groupe inclut Variopool, Varioplay, Variodeck, Holland Aqua Sight","robots":{"index":"index","follow":"follow","max-snippet":"max-snippet:-1","max-image-preview":"max-image-preview:large","max-video-preview":"max-video-preview:-1"},"canonical":"https:\/\/variogroup.com\/fr\/qui-sommes-nous\/","og_locale":"fr_FR","og_type":"article","og_title":"Qui sommes nous","og_description":"VarioGroup est le nom regroupant toutes les filiales de Variopool. Ce groupe inclut Variopool, Varioplay, Variodeck, Holland Aqua Sight","og_url":"https:\/\/variogroup.com\/fr\/qui-sommes-nous\/","og_site_name":"Variogroup","article_modified_time":"2024-07-08T15:32:44+00:00","og_image":[{"width":1200,"height":500,"url":"https:\/\/variogroup.com\/wp-content\/uploads\/2020\/10\/VarioGroup.jpg","type":"image\/jpeg"}],"twitter_card":"summary_large_image","twitter_misc":{"Dur\u00e9e de lecture estim\u00e9e":"6 minutes"},"schema":{"@context":"https:\/\/schema.org","@graph":[{"@type":"WebPage","@id":"https:\/\/variogroup.com\/fr\/qui-sommes-nous\/","url":"https:\/\/variogroup.com\/fr\/qui-sommes-nous\/","name":"Nous vous pr\u00e9sentons le Groupe Variogroup | Variopool BV","isPartOf":{"@id":"https:\/\/variogroup.com\/#website"},"primaryImageOfPage":{"@id":"https:\/\/variogroup.com\/fr\/qui-sommes-nous\/#primaryimage"},"image":{"@id":"https:\/\/variogroup.com\/fr\/qui-sommes-nous\/#primaryimage"},"thumbnailUrl":"https:\/\/variogroup.com\/wp-content\/uploads\/2020\/10\/VarioGroup.jpg","datePublished":"2020-07-08T12:25:15+00:00","dateModified":"2024-07-08T15:32:44+00:00","description":"VarioGroup est le nom regroupant toutes les filiales de Variopool. Ce groupe inclut Variopool, Varioplay, Variodeck, Holland Aqua Sight","breadcrumb":{"@id":"https:\/\/variogroup.com\/fr\/qui-sommes-nous\/#breadcrumb"},"inLanguage":"fr-FR","potentialAction":[{"@type":"ReadAction","target":["https:\/\/variogroup.com\/fr\/qui-sommes-nous\/"]}]},{"@type":"ImageObject","inLanguage":"fr-FR","@id":"https:\/\/variogroup.com\/fr\/qui-sommes-nous\/#primaryimage","url":"https:\/\/variogroup.com\/wp-content\/uploads\/2020\/10\/VarioGroup.jpg","contentUrl":"https:\/\/variogroup.com\/wp-content\/uploads\/2020\/10\/VarioGroup.jpg","width":1200,"height":500,"caption":"VarioGroup"},{"@type":"BreadcrumbList","@id":"https:\/\/variogroup.com\/fr\/qui-sommes-nous\/#breadcrumb","itemListElement":[{"@type":"ListItem","position":1,"name":"Home","item":"https:\/\/variogroup.com\/fr\/"},{"@type":"ListItem","position":2,"name":"Qui sommes nous"}]},{"@type":"WebSite","@id":"https:\/\/variogroup.com\/#website","url":"https:\/\/variogroup.com\/","name":"Variogroup","description":"VarioGroup is een overkoepelend Internationaal bedrijf welke actief is in de zwembadbranche","publisher":{"@id":"https:\/\/variogroup.com\/#organization"},"potentialAction":[{"@type":"SearchAction","target":{"@type":"EntryPoint","urlTemplate":"https:\/\/variogroup.com\/?s={search_term_string}"},"query-input":{"@type":"PropertyValueSpecification","valueRequired":true,"valueName":"search_term_string"}}],"inLanguage":"fr-FR"},{"@type":"Organization","@id":"https:\/\/variogroup.com\/#organization","name":"Variogroup - Movable floors and more","url":"https:\/\/variogroup.com\/","logo":{"@type":"ImageObject","inLanguage":"fr-FR","@id":"https:\/\/variogroup.com\/#\/schema\/logo\/image\/","url":"https:\/\/variogroup.com\/wp-content\/uploads\/2020\/10\/all-logos.jpg","contentUrl":"https:\/\/variogroup.com\/wp-content\/uploads\/2020\/10\/all-logos.jpg","width":1000,"height":217,"caption":"Variogroup - Movable floors and more"},"image":{"@id":"https:\/\/variogroup.com\/#\/schema\/logo\/image\/"},"sameAs":["https:\/\/www.linkedin.com\/company\/variopool-b-v\/","https:\/\/www.youtube.com\/user\/VariopoolBV"]}]}},"_links":{"self":[{"href":"https:\/\/variogroup.com\/fr\/wp-json\/wp\/v2\/pages\/2001","targetHints":{"allow":["GET"]}}],"collection":[{"href":"https:\/\/variogroup.com\/fr\/wp-json\/wp\/v2\/pages"}],"about":[{"href":"https:\/\/variogroup.com\/fr\/wp-json\/wp\/v2\/types\/page"}],"author":[{"embeddable":true,"href":"https:\/\/variogroup.com\/fr\/wp-json\/wp\/v2\/users\/6"}],"replies":[{"embeddable":true,"href":"https:\/\/variogroup.com\/fr\/wp-json\/wp\/v2\/comments?post=2001"}],"version-history":[{"count":12,"href":"https:\/\/variogroup.com\/fr\/wp-json\/wp\/v2\/pages\/2001\/revisions"}],"predecessor-version":[{"id":8649,"href":"https:\/\/variogroup.com\/fr\/wp-json\/wp\/v2\/pages\/2001\/revisions\/8649"}],"wp:featuredmedia":[{"embeddable":true,"href":"https:\/\/variogroup.com\/fr\/wp-json\/wp\/v2\/media\/6579"}],"wp:attachment":[{"href":"https:\/\/variogroup.com\/fr\/wp-json\/wp\/v2\/media?parent=2001"}],"curies":[{"name":"wp","href":"https:\/\/api.w.org\/{rel}","templated":true}]}}