{"id":2003,"date":"2020-07-08T14:25:59","date_gmt":"2020-07-08T12:25:59","guid":{"rendered":"https:\/\/variogroup.com\/?page_id=2003"},"modified":"2025-09-18T14:13:53","modified_gmt":"2025-09-18T12:13:53","slug":"service","status":"publish","type":"page","link":"https:\/\/variogroup.com\/fr\/service\/","title":{"rendered":"Service"},"content":{"rendered":"<p>Fournir des services et une assistance concernant nos mat\u00e9riels sont des actions tr\u00e8s importantes pour Variopool. Veuillez utiliser cette page pour contacter notre service de maintenance directement. Si vous d\u00e9sirez parler \u00e0 un interlocuteur pr\u00e9cis, composez le 09 72 50 22 66\u00a0 et demandez Daisy, Babeth, Evelien ou Evelien.<\/p>\n<p>Pour toute question non urgente ou pour fixer une date de maintenance pour votre mat\u00e9riel, veuillez utiliser le formulaire de contact ci-dessous et nous vous recontacterons dans la journ\u00e9e.<\/p>\n","protected":false},"excerpt":{"rendered":"<p>Fournir des services et une assistance concernant nos mat\u00e9riels sont des actions tr\u00e8s importantes pour Variopool. Veuillez utiliser cette page pour contacter notre service de maintenance directement. Si vous d\u00e9sirez parler \u00e0 un interlocuteur pr\u00e9cis, composez le 09 72 50 22 66\u00a0 et demandez Daisy, Babeth, Evelien ou Evelien. Pour toute question non urgente ou [&hellip;]<\/p>\n","protected":false},"author":6,"featured_media":483,"parent":0,"menu_order":42,"comment_status":"closed","ping_status":"closed","template":"","meta":{"_acf_changed":false,"footnotes":""},"class_list":["post-2003","page","type-page","status-publish","has-post-thumbnail","hentry"],"acf":[],"yoast_head":"<!-- This site is optimized with the Yoast SEO Premium plugin v26.3 (Yoast SEO v26.3) - https:\/\/yoast.com\/wordpress\/plugins\/seo\/ -->\n<title>contacter le service Variogroup - fonds mobiles publiques<\/title>\n<meta name=\"description\" content=\"Fournir des services et une assistance concernant nos mat\u00e9riels sont des actions tr\u00e8s importantes pour Variopool.\" \/>\n<meta name=\"robots\" content=\"index, follow, max-snippet:-1, max-image-preview:large, max-video-preview:-1\" \/>\n<link rel=\"canonical\" href=\"https:\/\/variogroup.com\/fr\/service\/\" \/>\n<meta property=\"og:locale\" content=\"fr_FR\" \/>\n<meta property=\"og:type\" content=\"article\" \/>\n<meta property=\"og:title\" content=\"Service\" \/>\n<meta property=\"og:description\" content=\"Fournir des services et une assistance concernant nos mat\u00e9riels sont des actions tr\u00e8s importantes pour Variopool.\" \/>\n<meta property=\"og:url\" content=\"https:\/\/variogroup.com\/fr\/service\/\" \/>\n<meta property=\"og:site_name\" content=\"Variogroup\" \/>\n<meta property=\"article:modified_time\" content=\"2025-09-18T12:13:53+00:00\" \/>\n<meta property=\"og:image\" content=\"https:\/\/variogroup.com\/wp-content\/uploads\/2020\/06\/service.jpg\" \/>\n\t<meta property=\"og:image:width\" content=\"1200\" \/>\n\t<meta property=\"og:image:height\" content=\"400\" \/>\n\t<meta property=\"og:image:type\" content=\"image\/jpeg\" \/>\n<meta name=\"twitter:card\" content=\"summary_large_image\" \/>\n<meta name=\"twitter:label1\" content=\"Dur\u00e9e de lecture estim\u00e9e\" \/>\n\t<meta name=\"twitter:data1\" content=\"3 minutes\" \/>\n<script type=\"application\/ld+json\" class=\"yoast-schema-graph\">{\"@context\":\"https:\/\/schema.org\",\"@graph\":[{\"@type\":\"WebPage\",\"@id\":\"https:\/\/variogroup.com\/fr\/service\/\",\"url\":\"https:\/\/variogroup.com\/fr\/service\/\",\"name\":\"contacter le service Variogroup - fonds mobiles publiques\",\"isPartOf\":{\"@id\":\"https:\/\/variogroup.com\/#website\"},\"primaryImageOfPage\":{\"@id\":\"https:\/\/variogroup.com\/fr\/service\/#primaryimage\"},\"image\":{\"@id\":\"https:\/\/variogroup.com\/fr\/service\/#primaryimage\"},\"thumbnailUrl\":\"https:\/\/variogroup.com\/wp-content\/uploads\/2020\/06\/service.jpg\",\"datePublished\":\"2020-07-08T12:25:59+00:00\",\"dateModified\":\"2025-09-18T12:13:53+00:00\",\"description\":\"Fournir des services et une assistance concernant nos mat\u00e9riels sont des actions tr\u00e8s importantes pour Variopool.\",\"breadcrumb\":{\"@id\":\"https:\/\/variogroup.com\/fr\/service\/#breadcrumb\"},\"inLanguage\":\"fr-FR\",\"potentialAction\":[{\"@type\":\"ReadAction\",\"target\":[\"https:\/\/variogroup.com\/fr\/service\/\"]}]},{\"@type\":\"ImageObject\",\"inLanguage\":\"fr-FR\",\"@id\":\"https:\/\/variogroup.com\/fr\/service\/#primaryimage\",\"url\":\"https:\/\/variogroup.com\/wp-content\/uploads\/2020\/06\/service.jpg\",\"contentUrl\":\"https:\/\/variogroup.com\/wp-content\/uploads\/2020\/06\/service.jpg\",\"width\":1200,\"height\":400},{\"@type\":\"BreadcrumbList\",\"@id\":\"https:\/\/variogroup.com\/fr\/service\/#breadcrumb\",\"itemListElement\":[{\"@type\":\"ListItem\",\"position\":1,\"name\":\"Home\",\"item\":\"https:\/\/variogroup.com\/fr\/\"},{\"@type\":\"ListItem\",\"position\":2,\"name\":\"Service\"}]},{\"@type\":\"WebSite\",\"@id\":\"https:\/\/variogroup.com\/#website\",\"url\":\"https:\/\/variogroup.com\/\",\"name\":\"Variogroup\",\"description\":\"VarioGroup is een overkoepelend Internationaal bedrijf welke actief is in de zwembadbranche\",\"publisher\":{\"@id\":\"https:\/\/variogroup.com\/#organization\"},\"potentialAction\":[{\"@type\":\"SearchAction\",\"target\":{\"@type\":\"EntryPoint\",\"urlTemplate\":\"https:\/\/variogroup.com\/?s={search_term_string}\"},\"query-input\":{\"@type\":\"PropertyValueSpecification\",\"valueRequired\":true,\"valueName\":\"search_term_string\"}}],\"inLanguage\":\"fr-FR\"},{\"@type\":\"Organization\",\"@id\":\"https:\/\/variogroup.com\/#organization\",\"name\":\"Variogroup - Movable floors and more\",\"url\":\"https:\/\/variogroup.com\/\",\"logo\":{\"@type\":\"ImageObject\",\"inLanguage\":\"fr-FR\",\"@id\":\"https:\/\/variogroup.com\/#\/schema\/logo\/image\/\",\"url\":\"https:\/\/variogroup.com\/wp-content\/uploads\/2020\/10\/all-logos.jpg\",\"contentUrl\":\"https:\/\/variogroup.com\/wp-content\/uploads\/2020\/10\/all-logos.jpg\",\"width\":1000,\"height\":217,\"caption\":\"Variogroup - Movable floors and more\"},\"image\":{\"@id\":\"https:\/\/variogroup.com\/#\/schema\/logo\/image\/\"},\"sameAs\":[\"https:\/\/www.linkedin.com\/company\/variopool-b-v\/\",\"https:\/\/www.youtube.com\/user\/VariopoolBV\"]}]}<\/script>\n<!-- \/ Yoast SEO Premium plugin. -->","yoast_head_json":{"title":"contacter le service Variogroup - fonds mobiles publiques","description":"Fournir des services et une assistance concernant nos mat\u00e9riels sont des actions tr\u00e8s importantes pour Variopool.","robots":{"index":"index","follow":"follow","max-snippet":"max-snippet:-1","max-image-preview":"max-image-preview:large","max-video-preview":"max-video-preview:-1"},"canonical":"https:\/\/variogroup.com\/fr\/service\/","og_locale":"fr_FR","og_type":"article","og_title":"Service","og_description":"Fournir des services et une assistance concernant nos mat\u00e9riels sont des actions tr\u00e8s importantes pour Variopool.","og_url":"https:\/\/variogroup.com\/fr\/service\/","og_site_name":"Variogroup","article_modified_time":"2025-09-18T12:13:53+00:00","og_image":[{"width":1200,"height":400,"url":"https:\/\/variogroup.com\/wp-content\/uploads\/2020\/06\/service.jpg","type":"image\/jpeg"}],"twitter_card":"summary_large_image","twitter_misc":{"Dur\u00e9e de lecture estim\u00e9e":"3 minutes"},"schema":{"@context":"https:\/\/schema.org","@graph":[{"@type":"WebPage","@id":"https:\/\/variogroup.com\/fr\/service\/","url":"https:\/\/variogroup.com\/fr\/service\/","name":"contacter le service Variogroup - fonds mobiles publiques","isPartOf":{"@id":"https:\/\/variogroup.com\/#website"},"primaryImageOfPage":{"@id":"https:\/\/variogroup.com\/fr\/service\/#primaryimage"},"image":{"@id":"https:\/\/variogroup.com\/fr\/service\/#primaryimage"},"thumbnailUrl":"https:\/\/variogroup.com\/wp-content\/uploads\/2020\/06\/service.jpg","datePublished":"2020-07-08T12:25:59+00:00","dateModified":"2025-09-18T12:13:53+00:00","description":"Fournir des services et une assistance concernant nos mat\u00e9riels sont des actions tr\u00e8s importantes pour Variopool.","breadcrumb":{"@id":"https:\/\/variogroup.com\/fr\/service\/#breadcrumb"},"inLanguage":"fr-FR","potentialAction":[{"@type":"ReadAction","target":["https:\/\/variogroup.com\/fr\/service\/"]}]},{"@type":"ImageObject","inLanguage":"fr-FR","@id":"https:\/\/variogroup.com\/fr\/service\/#primaryimage","url":"https:\/\/variogroup.com\/wp-content\/uploads\/2020\/06\/service.jpg","contentUrl":"https:\/\/variogroup.com\/wp-content\/uploads\/2020\/06\/service.jpg","width":1200,"height":400},{"@type":"BreadcrumbList","@id":"https:\/\/variogroup.com\/fr\/service\/#breadcrumb","itemListElement":[{"@type":"ListItem","position":1,"name":"Home","item":"https:\/\/variogroup.com\/fr\/"},{"@type":"ListItem","position":2,"name":"Service"}]},{"@type":"WebSite","@id":"https:\/\/variogroup.com\/#website","url":"https:\/\/variogroup.com\/","name":"Variogroup","description":"VarioGroup is een overkoepelend Internationaal bedrijf welke actief is in de zwembadbranche","publisher":{"@id":"https:\/\/variogroup.com\/#organization"},"potentialAction":[{"@type":"SearchAction","target":{"@type":"EntryPoint","urlTemplate":"https:\/\/variogroup.com\/?s={search_term_string}"},"query-input":{"@type":"PropertyValueSpecification","valueRequired":true,"valueName":"search_term_string"}}],"inLanguage":"fr-FR"},{"@type":"Organization","@id":"https:\/\/variogroup.com\/#organization","name":"Variogroup - Movable floors and more","url":"https:\/\/variogroup.com\/","logo":{"@type":"ImageObject","inLanguage":"fr-FR","@id":"https:\/\/variogroup.com\/#\/schema\/logo\/image\/","url":"https:\/\/variogroup.com\/wp-content\/uploads\/2020\/10\/all-logos.jpg","contentUrl":"https:\/\/variogroup.com\/wp-content\/uploads\/2020\/10\/all-logos.jpg","width":1000,"height":217,"caption":"Variogroup - Movable floors and more"},"image":{"@id":"https:\/\/variogroup.com\/#\/schema\/logo\/image\/"},"sameAs":["https:\/\/www.linkedin.com\/company\/variopool-b-v\/","https:\/\/www.youtube.com\/user\/VariopoolBV"]}]}},"_links":{"self":[{"href":"https:\/\/variogroup.com\/fr\/wp-json\/wp\/v2\/pages\/2003","targetHints":{"allow":["GET"]}}],"collection":[{"href":"https:\/\/variogroup.com\/fr\/wp-json\/wp\/v2\/pages"}],"about":[{"href":"https:\/\/variogroup.com\/fr\/wp-json\/wp\/v2\/types\/page"}],"author":[{"embeddable":true,"href":"https:\/\/variogroup.com\/fr\/wp-json\/wp\/v2\/users\/6"}],"replies":[{"embeddable":true,"href":"https:\/\/variogroup.com\/fr\/wp-json\/wp\/v2\/comments?post=2003"}],"version-history":[{"count":12,"href":"https:\/\/variogroup.com\/fr\/wp-json\/wp\/v2\/pages\/2003\/revisions"}],"predecessor-version":[{"id":8688,"href":"https:\/\/variogroup.com\/fr\/wp-json\/wp\/v2\/pages\/2003\/revisions\/8688"}],"wp:featuredmedia":[{"embeddable":true,"href":"https:\/\/variogroup.com\/fr\/wp-json\/wp\/v2\/media\/483"}],"wp:attachment":[{"href":"https:\/\/variogroup.com\/fr\/wp-json\/wp\/v2\/media?parent=2003"}],"curies":[{"name":"wp","href":"https:\/\/api.w.org\/{rel}","templated":true}]}}