{"id":2022,"date":"2020-07-08T15:31:02","date_gmt":"2020-07-08T13:31:02","guid":{"rendered":"https:\/\/variogroup.com\/?page_id=2022"},"modified":"2023-10-25T11:47:46","modified_gmt":"2023-10-25T09:47:46","slug":"kontakt","status":"publish","type":"page","link":"https:\/\/variogroup.com\/pl\/kontakt\/","title":{"rendered":"Kontakt"},"content":{"rendered":"<p>Z tego <a href=\"https:\/\/variogroup.com\/pl\/pomoc\/\">formularza<\/a> mog\u0105 Pa\u0144stwo korzysta\u0107 w przypadku spraw, kt\u00f3re nie s\u0105 pilne, lub je\u015bli chc\u0105 Pa\u0144stwo um\u00f3wi\u0107 si\u0119 na przeprowadzenie serwisu lub konserwacji. W pilniejszych sprawach mo\u017cna si\u0119 z nami skontaktowa\u0107 pod numerem telefonu +48 506 012 711<\/p>\n","protected":false},"excerpt":{"rendered":"<p>Z tego formularza mog\u0105 Pa\u0144stwo korzysta\u0107 w przypadku spraw, kt\u00f3re nie s\u0105 pilne, lub je\u015bli chc\u0105 Pa\u0144stwo um\u00f3wi\u0107 si\u0119 na przeprowadzenie serwisu lub konserwacji. W pilniejszych sprawach mo\u017cna si\u0119 z nami skontaktowa\u0107 pod numerem telefonu +48 506 012 711<\/p>\n","protected":false},"author":1,"featured_media":472,"parent":0,"menu_order":27,"comment_status":"closed","ping_status":"closed","template":"","meta":{"_acf_changed":false,"footnotes":""},"class_list":["post-2022","page","type-page","status-publish","has-post-thumbnail","hentry"],"acf":[],"yoast_head":"<!-- This site is optimized with the Yoast SEO Premium plugin v26.3 (Yoast SEO v26.3) - https:\/\/yoast.com\/wordpress\/plugins\/seo\/ -->\n<title>Skontaktuj si\u0119 z naszym dzia\u0142em sprzeda\u017cy | Variogroup<\/title>\n<meta name=\"description\" content=\"Z tego formularza mog\u0105 Pa\u0144stwo korzysta\u0107 w przypadku spraw, kt\u00f3re nie s\u0105 pilne, lub je\u015bli chc\u0105 Pa\u0144stwo um\u00f3wi\u0107 si\u0119 na przeprowadzenie\" \/>\n<meta name=\"robots\" content=\"index, follow, max-snippet:-1, max-image-preview:large, max-video-preview:-1\" \/>\n<link rel=\"canonical\" href=\"https:\/\/variogroup.com\/pl\/kontakt\/\" \/>\n<meta property=\"og:locale\" content=\"pl_PL\" \/>\n<meta property=\"og:type\" content=\"article\" \/>\n<meta property=\"og:title\" content=\"Kontakt\" \/>\n<meta property=\"og:description\" content=\"Z tego formularza mog\u0105 Pa\u0144stwo korzysta\u0107 w przypadku spraw, kt\u00f3re nie s\u0105 pilne, lub je\u015bli chc\u0105 Pa\u0144stwo um\u00f3wi\u0107 si\u0119 na przeprowadzenie\" \/>\n<meta property=\"og:url\" content=\"https:\/\/variogroup.com\/pl\/kontakt\/\" \/>\n<meta property=\"og:site_name\" content=\"Variogroup\" \/>\n<meta property=\"article:modified_time\" content=\"2023-10-25T09:47:46+00:00\" \/>\n<meta property=\"og:image\" content=\"https:\/\/variogroup.com\/wp-content\/uploads\/2020\/06\/contact.jpg\" \/>\n\t<meta property=\"og:image:width\" content=\"1200\" \/>\n\t<meta property=\"og:image:height\" content=\"400\" \/>\n\t<meta property=\"og:image:type\" content=\"image\/jpeg\" \/>\n<meta name=\"twitter:card\" content=\"summary_large_image\" \/>\n<meta name=\"twitter:label1\" content=\"Szacowany czas czytania\" \/>\n\t<meta name=\"twitter:data1\" content=\"1 minuta\" \/>\n<script type=\"application\/ld+json\" class=\"yoast-schema-graph\">{\"@context\":\"https:\/\/schema.org\",\"@graph\":[{\"@type\":\"WebPage\",\"@id\":\"https:\/\/variogroup.com\/pl\/kontakt\/\",\"url\":\"https:\/\/variogroup.com\/pl\/kontakt\/\",\"name\":\"Skontaktuj si\u0119 z naszym dzia\u0142em sprzeda\u017cy | Variogroup\",\"isPartOf\":{\"@id\":\"https:\/\/variogroup.com\/#website\"},\"primaryImageOfPage\":{\"@id\":\"https:\/\/variogroup.com\/pl\/kontakt\/#primaryimage\"},\"image\":{\"@id\":\"https:\/\/variogroup.com\/pl\/kontakt\/#primaryimage\"},\"thumbnailUrl\":\"https:\/\/variogroup.com\/wp-content\/uploads\/2020\/06\/contact.jpg\",\"datePublished\":\"2020-07-08T13:31:02+00:00\",\"dateModified\":\"2023-10-25T09:47:46+00:00\",\"description\":\"Z tego formularza mog\u0105 Pa\u0144stwo korzysta\u0107 w przypadku spraw, kt\u00f3re nie s\u0105 pilne, lub je\u015bli chc\u0105 Pa\u0144stwo um\u00f3wi\u0107 si\u0119 na przeprowadzenie\",\"breadcrumb\":{\"@id\":\"https:\/\/variogroup.com\/pl\/kontakt\/#breadcrumb\"},\"inLanguage\":\"pl-PL\",\"potentialAction\":[{\"@type\":\"ReadAction\",\"target\":[\"https:\/\/variogroup.com\/pl\/kontakt\/\"]}]},{\"@type\":\"ImageObject\",\"inLanguage\":\"pl-PL\",\"@id\":\"https:\/\/variogroup.com\/pl\/kontakt\/#primaryimage\",\"url\":\"https:\/\/variogroup.com\/wp-content\/uploads\/2020\/06\/contact.jpg\",\"contentUrl\":\"https:\/\/variogroup.com\/wp-content\/uploads\/2020\/06\/contact.jpg\",\"width\":1200,\"height\":400,\"caption\":\"contact\"},{\"@type\":\"BreadcrumbList\",\"@id\":\"https:\/\/variogroup.com\/pl\/kontakt\/#breadcrumb\",\"itemListElement\":[{\"@type\":\"ListItem\",\"position\":1,\"name\":\"Home\",\"item\":\"https:\/\/variogroup.com\/pl\/\"},{\"@type\":\"ListItem\",\"position\":2,\"name\":\"Kontakt\"}]},{\"@type\":\"WebSite\",\"@id\":\"https:\/\/variogroup.com\/#website\",\"url\":\"https:\/\/variogroup.com\/\",\"name\":\"Variogroup\",\"description\":\"VarioGroup is een overkoepelend Internationaal bedrijf welke actief is in de zwembadbranche\",\"publisher\":{\"@id\":\"https:\/\/variogroup.com\/#organization\"},\"potentialAction\":[{\"@type\":\"SearchAction\",\"target\":{\"@type\":\"EntryPoint\",\"urlTemplate\":\"https:\/\/variogroup.com\/?s={search_term_string}\"},\"query-input\":{\"@type\":\"PropertyValueSpecification\",\"valueRequired\":true,\"valueName\":\"search_term_string\"}}],\"inLanguage\":\"pl-PL\"},{\"@type\":\"Organization\",\"@id\":\"https:\/\/variogroup.com\/#organization\",\"name\":\"Variogroup - Movable floors and more\",\"url\":\"https:\/\/variogroup.com\/\",\"logo\":{\"@type\":\"ImageObject\",\"inLanguage\":\"pl-PL\",\"@id\":\"https:\/\/variogroup.com\/#\/schema\/logo\/image\/\",\"url\":\"https:\/\/variogroup.com\/wp-content\/uploads\/2020\/10\/all-logos.jpg\",\"contentUrl\":\"https:\/\/variogroup.com\/wp-content\/uploads\/2020\/10\/all-logos.jpg\",\"width\":1000,\"height\":217,\"caption\":\"Variogroup - Movable floors and more\"},\"image\":{\"@id\":\"https:\/\/variogroup.com\/#\/schema\/logo\/image\/\"},\"sameAs\":[\"https:\/\/www.linkedin.com\/company\/variopool-b-v\/\",\"https:\/\/www.youtube.com\/user\/VariopoolBV\"]}]}<\/script>\n<!-- \/ Yoast SEO Premium plugin. -->","yoast_head_json":{"title":"Skontaktuj si\u0119 z naszym dzia\u0142em sprzeda\u017cy | Variogroup","description":"Z tego formularza mog\u0105 Pa\u0144stwo korzysta\u0107 w przypadku spraw, kt\u00f3re nie s\u0105 pilne, lub je\u015bli chc\u0105 Pa\u0144stwo um\u00f3wi\u0107 si\u0119 na przeprowadzenie","robots":{"index":"index","follow":"follow","max-snippet":"max-snippet:-1","max-image-preview":"max-image-preview:large","max-video-preview":"max-video-preview:-1"},"canonical":"https:\/\/variogroup.com\/pl\/kontakt\/","og_locale":"pl_PL","og_type":"article","og_title":"Kontakt","og_description":"Z tego formularza mog\u0105 Pa\u0144stwo korzysta\u0107 w przypadku spraw, kt\u00f3re nie s\u0105 pilne, lub je\u015bli chc\u0105 Pa\u0144stwo um\u00f3wi\u0107 si\u0119 na przeprowadzenie","og_url":"https:\/\/variogroup.com\/pl\/kontakt\/","og_site_name":"Variogroup","article_modified_time":"2023-10-25T09:47:46+00:00","og_image":[{"width":1200,"height":400,"url":"https:\/\/variogroup.com\/wp-content\/uploads\/2020\/06\/contact.jpg","type":"image\/jpeg"}],"twitter_card":"summary_large_image","twitter_misc":{"Szacowany czas czytania":"1 minuta"},"schema":{"@context":"https:\/\/schema.org","@graph":[{"@type":"WebPage","@id":"https:\/\/variogroup.com\/pl\/kontakt\/","url":"https:\/\/variogroup.com\/pl\/kontakt\/","name":"Skontaktuj si\u0119 z naszym dzia\u0142em sprzeda\u017cy | Variogroup","isPartOf":{"@id":"https:\/\/variogroup.com\/#website"},"primaryImageOfPage":{"@id":"https:\/\/variogroup.com\/pl\/kontakt\/#primaryimage"},"image":{"@id":"https:\/\/variogroup.com\/pl\/kontakt\/#primaryimage"},"thumbnailUrl":"https:\/\/variogroup.com\/wp-content\/uploads\/2020\/06\/contact.jpg","datePublished":"2020-07-08T13:31:02+00:00","dateModified":"2023-10-25T09:47:46+00:00","description":"Z tego formularza mog\u0105 Pa\u0144stwo korzysta\u0107 w przypadku spraw, kt\u00f3re nie s\u0105 pilne, lub je\u015bli chc\u0105 Pa\u0144stwo um\u00f3wi\u0107 si\u0119 na przeprowadzenie","breadcrumb":{"@id":"https:\/\/variogroup.com\/pl\/kontakt\/#breadcrumb"},"inLanguage":"pl-PL","potentialAction":[{"@type":"ReadAction","target":["https:\/\/variogroup.com\/pl\/kontakt\/"]}]},{"@type":"ImageObject","inLanguage":"pl-PL","@id":"https:\/\/variogroup.com\/pl\/kontakt\/#primaryimage","url":"https:\/\/variogroup.com\/wp-content\/uploads\/2020\/06\/contact.jpg","contentUrl":"https:\/\/variogroup.com\/wp-content\/uploads\/2020\/06\/contact.jpg","width":1200,"height":400,"caption":"contact"},{"@type":"BreadcrumbList","@id":"https:\/\/variogroup.com\/pl\/kontakt\/#breadcrumb","itemListElement":[{"@type":"ListItem","position":1,"name":"Home","item":"https:\/\/variogroup.com\/pl\/"},{"@type":"ListItem","position":2,"name":"Kontakt"}]},{"@type":"WebSite","@id":"https:\/\/variogroup.com\/#website","url":"https:\/\/variogroup.com\/","name":"Variogroup","description":"VarioGroup is een overkoepelend Internationaal bedrijf welke actief is in de zwembadbranche","publisher":{"@id":"https:\/\/variogroup.com\/#organization"},"potentialAction":[{"@type":"SearchAction","target":{"@type":"EntryPoint","urlTemplate":"https:\/\/variogroup.com\/?s={search_term_string}"},"query-input":{"@type":"PropertyValueSpecification","valueRequired":true,"valueName":"search_term_string"}}],"inLanguage":"pl-PL"},{"@type":"Organization","@id":"https:\/\/variogroup.com\/#organization","name":"Variogroup - Movable floors and more","url":"https:\/\/variogroup.com\/","logo":{"@type":"ImageObject","inLanguage":"pl-PL","@id":"https:\/\/variogroup.com\/#\/schema\/logo\/image\/","url":"https:\/\/variogroup.com\/wp-content\/uploads\/2020\/10\/all-logos.jpg","contentUrl":"https:\/\/variogroup.com\/wp-content\/uploads\/2020\/10\/all-logos.jpg","width":1000,"height":217,"caption":"Variogroup - Movable floors and more"},"image":{"@id":"https:\/\/variogroup.com\/#\/schema\/logo\/image\/"},"sameAs":["https:\/\/www.linkedin.com\/company\/variopool-b-v\/","https:\/\/www.youtube.com\/user\/VariopoolBV"]}]}},"_links":{"self":[{"href":"https:\/\/variogroup.com\/pl\/wp-json\/wp\/v2\/pages\/2022","targetHints":{"allow":["GET"]}}],"collection":[{"href":"https:\/\/variogroup.com\/pl\/wp-json\/wp\/v2\/pages"}],"about":[{"href":"https:\/\/variogroup.com\/pl\/wp-json\/wp\/v2\/types\/page"}],"author":[{"embeddable":true,"href":"https:\/\/variogroup.com\/pl\/wp-json\/wp\/v2\/users\/1"}],"replies":[{"embeddable":true,"href":"https:\/\/variogroup.com\/pl\/wp-json\/wp\/v2\/comments?post=2022"}],"version-history":[{"count":7,"href":"https:\/\/variogroup.com\/pl\/wp-json\/wp\/v2\/pages\/2022\/revisions"}],"predecessor-version":[{"id":6666,"href":"https:\/\/variogroup.com\/pl\/wp-json\/wp\/v2\/pages\/2022\/revisions\/6666"}],"wp:featuredmedia":[{"embeddable":true,"href":"https:\/\/variogroup.com\/pl\/wp-json\/wp\/v2\/media\/472"}],"wp:attachment":[{"href":"https:\/\/variogroup.com\/pl\/wp-json\/wp\/v2\/media?parent=2022"}],"curies":[{"name":"wp","href":"https:\/\/api.w.org\/{rel}","templated":true}]}}