{"id":2058,"date":"2020-07-13T08:55:55","date_gmt":"2020-07-13T06:55:55","guid":{"rendered":"https:\/\/variogroup.com\/?page_id=2058"},"modified":"2023-10-25T11:42:54","modified_gmt":"2023-10-25T09:42:54","slug":"o-nas","status":"publish","type":"page","link":"https:\/\/variogroup.com\/pl\/o-nas\/","title":{"rendered":"O nas"},"content":{"rendered":"<p>Variogroup jest wsp\u00f3ln\u0105 nazw\u0105 dla wszystkich sp\u00f3\u0142ek zale\u017cnych, kt\u00f3re podlegaj\u0105 sp\u00f3\u0142ce dominuj\u0105cej Variopool. Grupa ta obejmuje, opr\u00f3cz Variopool, r\u00f3wnie\u017c Varioplay, Variodeck, Holland Aqua Sight i Variomedic. Aby podkre\u015bli\u0107, \u017ce stanowimy jedn\u0105 organizacj\u0119, po\u0142\u0105czyli\u015bmy nasze firmy pod nazw\u0105 Variogroup. Za po\u015brednictwem tej strony maj\u0105 Pa\u0144stwo mo\u017cliwo\u015b\u0107 przekierowania si\u0119 bezpo\u015brednio do r\u00f3\u017cnych stron internetowych. Znajduj\u0105 si\u0119 tam naj\u015bwie\u017csze informacje o produktach, kt\u00f3re my dodatkowo rozwijamy.<\/p>\n<h2>Ka\u017cda sekcja posiada w\u0142asn\u0105 specjalizacj\u0119. Ca\u0142a wiedza w jednym miejscu.<\/h2>\n<p>Ka\u017cda firma ma swoj\u0105 w\u0142asn\u0105 specjalno\u015b\u0107. Z Variopool skupiamy si\u0119 g\u0142\u00f3wnie na basenach publicznych z naszymi innowacyjnymi ruchomymi dnami basenowymi i \u015bcianami oporowymi. Obecnie jeste\u015bmy aktywni w ponad 30 krajach na ca\u0142ym \u015bwiecie. Variopool odznacza sta\u0142\u0105 jako\u015b\u0107. Dotyczy to wszystkich naszych produkt\u00f3w. Wci\u0105\u017c wprowadzamy innowacyjne rozwi\u0105zania.<\/p>\n<p>Ruchome dna basenowe w sektorze prywatnym oferuje Holland Aqua Sight. Skupienie tej filii koncentruje si\u0119 w 100% na wspomnianym sektorze i opr\u00f3cz ruchomych den dla basen\u00f3w prywatnych, dostarcza r\u00f3wnie\u017c akrylowe okna podwodne.<\/p>\n<p>Nasza filia Varioplay zajmuje si\u0119 kompleksowym wyposa\u017ceniem basen\u00f3w. Pocz\u0105wszy od zje\u017cd\u017calni, schod\u00f3w, p\u0142ywaki liniowe, materia\u0142\u00f3w mocuj\u0105cych, a\u017c po kompletne systemy natryskowe i systemy rejestracji czasu firmy Swiss Timing. Variodeck skupia si\u0119 wy\u0142\u0105cznie na r\u00f3\u017cnego rodzaju pokrywach basenowych w r\u00f3\u017cnych rozmiarach i wariantach.<\/p>\n<h2>Od ruchomych den basenowych po system natryskowy<\/h2>\n<p>Wreszcie, z Variomedic skupiamy si\u0119 na rynku hydroterapii. W tym celu opracowujemy specjalne, mniejsze, ruchome dna. Ponadto, dostarczamy r\u00f3wnie\u017c szereg rozwi\u0105za\u0144, kt\u00f3re u\u0142atwiaj\u0105 pacjentom wej\u015bcie do basenu terapeutycznego. S\u0105 to na przyk\u0142ad r\u00f3\u017cne podesty dla niepe\u0142nosprawnych, rampy i r\u00f3\u017cnego rodzaju schody.<\/p>\n<p>Mo\u017cemy uj\u0105\u0107 to kr\u00f3tko\u2026 wszystkie dyscypliny w jednym miejscu z ponad 50 letni\u0105 wiedz\u0105 o basenach! W czym mo\u017cemy dzisiaj Pa\u0144stwu pom\u00f3c?<\/p>\n","protected":false},"excerpt":{"rendered":"<p>Variogroup jest wsp\u00f3ln\u0105 nazw\u0105 dla wszystkich sp\u00f3\u0142ek zale\u017cnych, kt\u00f3re podlegaj\u0105 sp\u00f3\u0142ce dominuj\u0105cej Variopool. Grupa ta obejmuje, opr\u00f3cz Variopool, r\u00f3wnie\u017c Varioplay, Variodeck, Holland Aqua Sight i Variomedic. Aby podkre\u015bli\u0107, \u017ce stanowimy jedn\u0105 organizacj\u0119, po\u0142\u0105czyli\u015bmy nasze firmy pod nazw\u0105 Variogroup. Za po\u015brednictwem tej strony maj\u0105 Pa\u0144stwo mo\u017cliwo\u015b\u0107 przekierowania si\u0119 bezpo\u015brednio do r\u00f3\u017cnych stron internetowych. Znajduj\u0105 si\u0119 tam [&hellip;]<\/p>\n","protected":false},"author":6,"featured_media":6581,"parent":0,"menu_order":40,"comment_status":"closed","ping_status":"closed","template":"","meta":{"_acf_changed":false,"footnotes":""},"class_list":["post-2058","page","type-page","status-publish","has-post-thumbnail","hentry"],"acf":[],"yoast_head":"<!-- This site is optimized with the Yoast SEO Premium plugin v26.3 (Yoast SEO v26.3) - https:\/\/yoast.com\/wordpress\/plugins\/seo\/ -->\n<title>Przedstawiamy przed Pa\u0144stwem Grup\u0119 Variogroup.<\/title>\n<meta name=\"description\" content=\"Variogroup jest wsp\u00f3ln\u0105 nazw\u0105 dla wszystkich sp\u00f3\u0142ek zale\u017cnych, kt\u00f3re podlegaj\u0105 sp\u00f3\u0142ce dominuj\u0105cej Variopool. Grupa ta obejmuje,\" \/>\n<meta name=\"robots\" content=\"index, follow, max-snippet:-1, max-image-preview:large, max-video-preview:-1\" \/>\n<link rel=\"canonical\" href=\"https:\/\/variogroup.com\/pl\/o-nas\/\" \/>\n<meta property=\"og:locale\" content=\"pl_PL\" \/>\n<meta property=\"og:type\" content=\"article\" \/>\n<meta property=\"og:title\" content=\"O nas\" \/>\n<meta property=\"og:description\" content=\"Variogroup jest wsp\u00f3ln\u0105 nazw\u0105 dla wszystkich sp\u00f3\u0142ek zale\u017cnych, kt\u00f3re podlegaj\u0105 sp\u00f3\u0142ce dominuj\u0105cej Variopool. Grupa ta obejmuje,\" \/>\n<meta property=\"og:url\" content=\"https:\/\/variogroup.com\/pl\/o-nas\/\" \/>\n<meta property=\"og:site_name\" content=\"Variogroup\" \/>\n<meta property=\"article:modified_time\" content=\"2023-10-25T09:42:54+00:00\" \/>\n<meta property=\"og:image\" content=\"https:\/\/variogroup.com\/wp-content\/uploads\/2020\/10\/VarioGroup.jpg\" \/>\n\t<meta property=\"og:image:width\" content=\"1200\" \/>\n\t<meta property=\"og:image:height\" content=\"500\" \/>\n\t<meta property=\"og:image:type\" content=\"image\/jpeg\" \/>\n<meta name=\"twitter:card\" content=\"summary_large_image\" \/>\n<meta name=\"twitter:label1\" content=\"Szacowany czas czytania\" \/>\n\t<meta name=\"twitter:data1\" content=\"2 minuty\" \/>\n<script type=\"application\/ld+json\" class=\"yoast-schema-graph\">{\"@context\":\"https:\/\/schema.org\",\"@graph\":[{\"@type\":\"WebPage\",\"@id\":\"https:\/\/variogroup.com\/pl\/o-nas\/\",\"url\":\"https:\/\/variogroup.com\/pl\/o-nas\/\",\"name\":\"Przedstawiamy przed Pa\u0144stwem Grup\u0119 Variogroup.\",\"isPartOf\":{\"@id\":\"https:\/\/variogroup.com\/#website\"},\"primaryImageOfPage\":{\"@id\":\"https:\/\/variogroup.com\/pl\/o-nas\/#primaryimage\"},\"image\":{\"@id\":\"https:\/\/variogroup.com\/pl\/o-nas\/#primaryimage\"},\"thumbnailUrl\":\"https:\/\/variogroup.com\/wp-content\/uploads\/2020\/10\/VarioGroup.jpg\",\"datePublished\":\"2020-07-13T06:55:55+00:00\",\"dateModified\":\"2023-10-25T09:42:54+00:00\",\"description\":\"Variogroup jest wsp\u00f3ln\u0105 nazw\u0105 dla wszystkich sp\u00f3\u0142ek zale\u017cnych, kt\u00f3re podlegaj\u0105 sp\u00f3\u0142ce dominuj\u0105cej Variopool. Grupa ta obejmuje,\",\"breadcrumb\":{\"@id\":\"https:\/\/variogroup.com\/pl\/o-nas\/#breadcrumb\"},\"inLanguage\":\"pl-PL\",\"potentialAction\":[{\"@type\":\"ReadAction\",\"target\":[\"https:\/\/variogroup.com\/pl\/o-nas\/\"]}]},{\"@type\":\"ImageObject\",\"inLanguage\":\"pl-PL\",\"@id\":\"https:\/\/variogroup.com\/pl\/o-nas\/#primaryimage\",\"url\":\"https:\/\/variogroup.com\/wp-content\/uploads\/2020\/10\/VarioGroup.jpg\",\"contentUrl\":\"https:\/\/variogroup.com\/wp-content\/uploads\/2020\/10\/VarioGroup.jpg\",\"width\":1200,\"height\":500,\"caption\":\"VarioGroup\"},{\"@type\":\"BreadcrumbList\",\"@id\":\"https:\/\/variogroup.com\/pl\/o-nas\/#breadcrumb\",\"itemListElement\":[{\"@type\":\"ListItem\",\"position\":1,\"name\":\"Home\",\"item\":\"https:\/\/variogroup.com\/pl\/\"},{\"@type\":\"ListItem\",\"position\":2,\"name\":\"O nas\"}]},{\"@type\":\"WebSite\",\"@id\":\"https:\/\/variogroup.com\/#website\",\"url\":\"https:\/\/variogroup.com\/\",\"name\":\"Variogroup\",\"description\":\"VarioGroup is een overkoepelend Internationaal bedrijf welke actief is in de zwembadbranche\",\"publisher\":{\"@id\":\"https:\/\/variogroup.com\/#organization\"},\"potentialAction\":[{\"@type\":\"SearchAction\",\"target\":{\"@type\":\"EntryPoint\",\"urlTemplate\":\"https:\/\/variogroup.com\/?s={search_term_string}\"},\"query-input\":{\"@type\":\"PropertyValueSpecification\",\"valueRequired\":true,\"valueName\":\"search_term_string\"}}],\"inLanguage\":\"pl-PL\"},{\"@type\":\"Organization\",\"@id\":\"https:\/\/variogroup.com\/#organization\",\"name\":\"Variogroup - Movable floors and more\",\"url\":\"https:\/\/variogroup.com\/\",\"logo\":{\"@type\":\"ImageObject\",\"inLanguage\":\"pl-PL\",\"@id\":\"https:\/\/variogroup.com\/#\/schema\/logo\/image\/\",\"url\":\"https:\/\/variogroup.com\/wp-content\/uploads\/2020\/10\/all-logos.jpg\",\"contentUrl\":\"https:\/\/variogroup.com\/wp-content\/uploads\/2020\/10\/all-logos.jpg\",\"width\":1000,\"height\":217,\"caption\":\"Variogroup - Movable floors and more\"},\"image\":{\"@id\":\"https:\/\/variogroup.com\/#\/schema\/logo\/image\/\"},\"sameAs\":[\"https:\/\/www.linkedin.com\/company\/variopool-b-v\/\",\"https:\/\/www.youtube.com\/user\/VariopoolBV\"]}]}<\/script>\n<!-- \/ Yoast SEO Premium plugin. -->","yoast_head_json":{"title":"Przedstawiamy przed Pa\u0144stwem Grup\u0119 Variogroup.","description":"Variogroup jest wsp\u00f3ln\u0105 nazw\u0105 dla wszystkich sp\u00f3\u0142ek zale\u017cnych, kt\u00f3re podlegaj\u0105 sp\u00f3\u0142ce dominuj\u0105cej Variopool. Grupa ta obejmuje,","robots":{"index":"index","follow":"follow","max-snippet":"max-snippet:-1","max-image-preview":"max-image-preview:large","max-video-preview":"max-video-preview:-1"},"canonical":"https:\/\/variogroup.com\/pl\/o-nas\/","og_locale":"pl_PL","og_type":"article","og_title":"O nas","og_description":"Variogroup jest wsp\u00f3ln\u0105 nazw\u0105 dla wszystkich sp\u00f3\u0142ek zale\u017cnych, kt\u00f3re podlegaj\u0105 sp\u00f3\u0142ce dominuj\u0105cej Variopool. Grupa ta obejmuje,","og_url":"https:\/\/variogroup.com\/pl\/o-nas\/","og_site_name":"Variogroup","article_modified_time":"2023-10-25T09:42:54+00:00","og_image":[{"width":1200,"height":500,"url":"https:\/\/variogroup.com\/wp-content\/uploads\/2020\/10\/VarioGroup.jpg","type":"image\/jpeg"}],"twitter_card":"summary_large_image","twitter_misc":{"Szacowany czas czytania":"2 minuty"},"schema":{"@context":"https:\/\/schema.org","@graph":[{"@type":"WebPage","@id":"https:\/\/variogroup.com\/pl\/o-nas\/","url":"https:\/\/variogroup.com\/pl\/o-nas\/","name":"Przedstawiamy przed Pa\u0144stwem Grup\u0119 Variogroup.","isPartOf":{"@id":"https:\/\/variogroup.com\/#website"},"primaryImageOfPage":{"@id":"https:\/\/variogroup.com\/pl\/o-nas\/#primaryimage"},"image":{"@id":"https:\/\/variogroup.com\/pl\/o-nas\/#primaryimage"},"thumbnailUrl":"https:\/\/variogroup.com\/wp-content\/uploads\/2020\/10\/VarioGroup.jpg","datePublished":"2020-07-13T06:55:55+00:00","dateModified":"2023-10-25T09:42:54+00:00","description":"Variogroup jest wsp\u00f3ln\u0105 nazw\u0105 dla wszystkich sp\u00f3\u0142ek zale\u017cnych, kt\u00f3re podlegaj\u0105 sp\u00f3\u0142ce dominuj\u0105cej Variopool. Grupa ta obejmuje,","breadcrumb":{"@id":"https:\/\/variogroup.com\/pl\/o-nas\/#breadcrumb"},"inLanguage":"pl-PL","potentialAction":[{"@type":"ReadAction","target":["https:\/\/variogroup.com\/pl\/o-nas\/"]}]},{"@type":"ImageObject","inLanguage":"pl-PL","@id":"https:\/\/variogroup.com\/pl\/o-nas\/#primaryimage","url":"https:\/\/variogroup.com\/wp-content\/uploads\/2020\/10\/VarioGroup.jpg","contentUrl":"https:\/\/variogroup.com\/wp-content\/uploads\/2020\/10\/VarioGroup.jpg","width":1200,"height":500,"caption":"VarioGroup"},{"@type":"BreadcrumbList","@id":"https:\/\/variogroup.com\/pl\/o-nas\/#breadcrumb","itemListElement":[{"@type":"ListItem","position":1,"name":"Home","item":"https:\/\/variogroup.com\/pl\/"},{"@type":"ListItem","position":2,"name":"O nas"}]},{"@type":"WebSite","@id":"https:\/\/variogroup.com\/#website","url":"https:\/\/variogroup.com\/","name":"Variogroup","description":"VarioGroup is een overkoepelend Internationaal bedrijf welke actief is in de zwembadbranche","publisher":{"@id":"https:\/\/variogroup.com\/#organization"},"potentialAction":[{"@type":"SearchAction","target":{"@type":"EntryPoint","urlTemplate":"https:\/\/variogroup.com\/?s={search_term_string}"},"query-input":{"@type":"PropertyValueSpecification","valueRequired":true,"valueName":"search_term_string"}}],"inLanguage":"pl-PL"},{"@type":"Organization","@id":"https:\/\/variogroup.com\/#organization","name":"Variogroup - Movable floors and more","url":"https:\/\/variogroup.com\/","logo":{"@type":"ImageObject","inLanguage":"pl-PL","@id":"https:\/\/variogroup.com\/#\/schema\/logo\/image\/","url":"https:\/\/variogroup.com\/wp-content\/uploads\/2020\/10\/all-logos.jpg","contentUrl":"https:\/\/variogroup.com\/wp-content\/uploads\/2020\/10\/all-logos.jpg","width":1000,"height":217,"caption":"Variogroup - Movable floors and more"},"image":{"@id":"https:\/\/variogroup.com\/#\/schema\/logo\/image\/"},"sameAs":["https:\/\/www.linkedin.com\/company\/variopool-b-v\/","https:\/\/www.youtube.com\/user\/VariopoolBV"]}]}},"_links":{"self":[{"href":"https:\/\/variogroup.com\/pl\/wp-json\/wp\/v2\/pages\/2058","targetHints":{"allow":["GET"]}}],"collection":[{"href":"https:\/\/variogroup.com\/pl\/wp-json\/wp\/v2\/pages"}],"about":[{"href":"https:\/\/variogroup.com\/pl\/wp-json\/wp\/v2\/types\/page"}],"author":[{"embeddable":true,"href":"https:\/\/variogroup.com\/pl\/wp-json\/wp\/v2\/users\/6"}],"replies":[{"embeddable":true,"href":"https:\/\/variogroup.com\/pl\/wp-json\/wp\/v2\/comments?post=2058"}],"version-history":[{"count":7,"href":"https:\/\/variogroup.com\/pl\/wp-json\/wp\/v2\/pages\/2058\/revisions"}],"predecessor-version":[{"id":2155,"href":"https:\/\/variogroup.com\/pl\/wp-json\/wp\/v2\/pages\/2058\/revisions\/2155"}],"wp:featuredmedia":[{"embeddable":true,"href":"https:\/\/variogroup.com\/pl\/wp-json\/wp\/v2\/media\/6581"}],"wp:attachment":[{"href":"https:\/\/variogroup.com\/pl\/wp-json\/wp\/v2\/media?parent=2058"}],"curies":[{"name":"wp","href":"https:\/\/api.w.org\/{rel}","templated":true}]}}