{"id":2060,"date":"2020-07-13T08:56:28","date_gmt":"2020-07-13T06:56:28","guid":{"rendered":"https:\/\/variogroup.com\/?page_id=2060"},"modified":"2025-09-18T14:16:07","modified_gmt":"2025-09-18T12:16:07","slug":"pomoc","status":"publish","type":"page","link":"https:\/\/variogroup.com\/pl\/pomoc\/","title":{"rendered":"Pomoc"},"content":{"rendered":"<p>Serwis i wsparcie jest wa\u017cn\u0105 cz\u0119\u015bci\u0105 Variopool. Za po\u015brednictwem tej strony mog\u0105 Pa\u0144stwo skontaktowa\u0107 si\u0119 bezpo\u015brednio z naszym dzia\u0142em Serwisu i Konserwacji. W celu osobistego kontaktu prosimy zadzwoni\u0107 pod numer +31 (0)226-333 000. Popro\u015b o Daisy, Babeth, Evelien lub Bj\u00f6rn.<\/p>\n<p>Je\u015bli maj\u0105 Pa\u0144stwo pytanie, kt\u00f3re nie jest pilne lub chcieliby um\u00f3wi\u0107 spotkanie w celu przeprowadzenia serwisu lub konserwacji swojego produktu, prosimy o korzystanie z poni\u017cszego formularza. Skontaktujemy si\u0119 z Pa\u0144stwem jeszcze w ci\u0105gu tego samego dnia roboczego.<\/p>\n","protected":false},"excerpt":{"rendered":"<p>Serwis i wsparcie jest wa\u017cn\u0105 cz\u0119\u015bci\u0105 Variopool. Za po\u015brednictwem tej strony mog\u0105 Pa\u0144stwo skontaktowa\u0107 si\u0119 bezpo\u015brednio z naszym dzia\u0142em Serwisu i Konserwacji. W celu osobistego kontaktu prosimy zadzwoni\u0107 pod numer +31 (0)226-333 000. Popro\u015b o Daisy, Babeth, Evelien lub Bj\u00f6rn. Je\u015bli maj\u0105 Pa\u0144stwo pytanie, kt\u00f3re nie jest pilne lub chcieliby um\u00f3wi\u0107 spotkanie w celu przeprowadzenia [&hellip;]<\/p>\n","protected":false},"author":6,"featured_media":485,"parent":0,"menu_order":42,"comment_status":"closed","ping_status":"closed","template":"","meta":{"_acf_changed":false,"footnotes":""},"class_list":["post-2060","page","type-page","status-publish","has-post-thumbnail","hentry"],"acf":[],"yoast_head":"<!-- This site is optimized with the Yoast SEO Premium plugin v26.3 (Yoast SEO v26.3) - https:\/\/yoast.com\/wordpress\/plugins\/seo\/ -->\n<title>Skontaktuj si\u0119 z naszym dzia\u0142em serwisowym | Variogroup<\/title>\n<meta name=\"description\" content=\"Serwis i wsparcie jest wa\u017cn\u0105 cz\u0119\u015bci\u0105 Variopool. Za po\u015brednictwem tej strony mog\u0105 Pa\u0144stwo skontaktowa\u0107 si\u0119 bezpo\u015brednio z naszym dzia\u0142em\" \/>\n<meta name=\"robots\" content=\"index, follow, max-snippet:-1, max-image-preview:large, max-video-preview:-1\" \/>\n<link rel=\"canonical\" href=\"https:\/\/variogroup.com\/pl\/pomoc\/\" \/>\n<meta property=\"og:locale\" content=\"pl_PL\" \/>\n<meta property=\"og:type\" content=\"article\" \/>\n<meta property=\"og:title\" content=\"Pomoc\" \/>\n<meta property=\"og:description\" content=\"Serwis i wsparcie jest wa\u017cn\u0105 cz\u0119\u015bci\u0105 Variopool. Za po\u015brednictwem tej strony mog\u0105 Pa\u0144stwo skontaktowa\u0107 si\u0119 bezpo\u015brednio z naszym dzia\u0142em\" \/>\n<meta property=\"og:url\" content=\"https:\/\/variogroup.com\/pl\/pomoc\/\" \/>\n<meta property=\"og:site_name\" content=\"Variogroup\" \/>\n<meta property=\"article:modified_time\" content=\"2025-09-18T12:16:07+00:00\" \/>\n<meta property=\"og:image\" content=\"https:\/\/variogroup.com\/wp-content\/uploads\/2020\/06\/service.jpg\" \/>\n\t<meta property=\"og:image:width\" content=\"1200\" \/>\n\t<meta property=\"og:image:height\" content=\"400\" \/>\n\t<meta property=\"og:image:type\" content=\"image\/jpeg\" \/>\n<meta name=\"twitter:card\" content=\"summary_large_image\" \/>\n<meta name=\"twitter:label1\" content=\"Szacowany czas czytania\" \/>\n\t<meta name=\"twitter:data1\" content=\"2 minuty\" \/>\n<script type=\"application\/ld+json\" class=\"yoast-schema-graph\">{\"@context\":\"https:\/\/schema.org\",\"@graph\":[{\"@type\":\"WebPage\",\"@id\":\"https:\/\/variogroup.com\/pl\/pomoc\/\",\"url\":\"https:\/\/variogroup.com\/pl\/pomoc\/\",\"name\":\"Skontaktuj si\u0119 z naszym dzia\u0142em serwisowym | Variogroup\",\"isPartOf\":{\"@id\":\"https:\/\/variogroup.com\/#website\"},\"primaryImageOfPage\":{\"@id\":\"https:\/\/variogroup.com\/pl\/pomoc\/#primaryimage\"},\"image\":{\"@id\":\"https:\/\/variogroup.com\/pl\/pomoc\/#primaryimage\"},\"thumbnailUrl\":\"https:\/\/variogroup.com\/wp-content\/uploads\/2020\/06\/service.jpg\",\"datePublished\":\"2020-07-13T06:56:28+00:00\",\"dateModified\":\"2025-09-18T12:16:07+00:00\",\"description\":\"Serwis i wsparcie jest wa\u017cn\u0105 cz\u0119\u015bci\u0105 Variopool. Za po\u015brednictwem tej strony mog\u0105 Pa\u0144stwo skontaktowa\u0107 si\u0119 bezpo\u015brednio z naszym dzia\u0142em\",\"breadcrumb\":{\"@id\":\"https:\/\/variogroup.com\/pl\/pomoc\/#breadcrumb\"},\"inLanguage\":\"pl-PL\",\"potentialAction\":[{\"@type\":\"ReadAction\",\"target\":[\"https:\/\/variogroup.com\/pl\/pomoc\/\"]}]},{\"@type\":\"ImageObject\",\"inLanguage\":\"pl-PL\",\"@id\":\"https:\/\/variogroup.com\/pl\/pomoc\/#primaryimage\",\"url\":\"https:\/\/variogroup.com\/wp-content\/uploads\/2020\/06\/service.jpg\",\"contentUrl\":\"https:\/\/variogroup.com\/wp-content\/uploads\/2020\/06\/service.jpg\",\"width\":1200,\"height\":400},{\"@type\":\"BreadcrumbList\",\"@id\":\"https:\/\/variogroup.com\/pl\/pomoc\/#breadcrumb\",\"itemListElement\":[{\"@type\":\"ListItem\",\"position\":1,\"name\":\"Home\",\"item\":\"https:\/\/variogroup.com\/pl\/\"},{\"@type\":\"ListItem\",\"position\":2,\"name\":\"Pomoc\"}]},{\"@type\":\"WebSite\",\"@id\":\"https:\/\/variogroup.com\/#website\",\"url\":\"https:\/\/variogroup.com\/\",\"name\":\"Variogroup\",\"description\":\"VarioGroup is een overkoepelend Internationaal bedrijf welke actief is in de zwembadbranche\",\"publisher\":{\"@id\":\"https:\/\/variogroup.com\/#organization\"},\"potentialAction\":[{\"@type\":\"SearchAction\",\"target\":{\"@type\":\"EntryPoint\",\"urlTemplate\":\"https:\/\/variogroup.com\/?s={search_term_string}\"},\"query-input\":{\"@type\":\"PropertyValueSpecification\",\"valueRequired\":true,\"valueName\":\"search_term_string\"}}],\"inLanguage\":\"pl-PL\"},{\"@type\":\"Organization\",\"@id\":\"https:\/\/variogroup.com\/#organization\",\"name\":\"Variogroup - Movable floors and more\",\"url\":\"https:\/\/variogroup.com\/\",\"logo\":{\"@type\":\"ImageObject\",\"inLanguage\":\"pl-PL\",\"@id\":\"https:\/\/variogroup.com\/#\/schema\/logo\/image\/\",\"url\":\"https:\/\/variogroup.com\/wp-content\/uploads\/2020\/10\/all-logos.jpg\",\"contentUrl\":\"https:\/\/variogroup.com\/wp-content\/uploads\/2020\/10\/all-logos.jpg\",\"width\":1000,\"height\":217,\"caption\":\"Variogroup - Movable floors and more\"},\"image\":{\"@id\":\"https:\/\/variogroup.com\/#\/schema\/logo\/image\/\"},\"sameAs\":[\"https:\/\/www.linkedin.com\/company\/variopool-b-v\/\",\"https:\/\/www.youtube.com\/user\/VariopoolBV\"]}]}<\/script>\n<!-- \/ Yoast SEO Premium plugin. -->","yoast_head_json":{"title":"Skontaktuj si\u0119 z naszym dzia\u0142em serwisowym | Variogroup","description":"Serwis i wsparcie jest wa\u017cn\u0105 cz\u0119\u015bci\u0105 Variopool. Za po\u015brednictwem tej strony mog\u0105 Pa\u0144stwo skontaktowa\u0107 si\u0119 bezpo\u015brednio z naszym dzia\u0142em","robots":{"index":"index","follow":"follow","max-snippet":"max-snippet:-1","max-image-preview":"max-image-preview:large","max-video-preview":"max-video-preview:-1"},"canonical":"https:\/\/variogroup.com\/pl\/pomoc\/","og_locale":"pl_PL","og_type":"article","og_title":"Pomoc","og_description":"Serwis i wsparcie jest wa\u017cn\u0105 cz\u0119\u015bci\u0105 Variopool. Za po\u015brednictwem tej strony mog\u0105 Pa\u0144stwo skontaktowa\u0107 si\u0119 bezpo\u015brednio z naszym dzia\u0142em","og_url":"https:\/\/variogroup.com\/pl\/pomoc\/","og_site_name":"Variogroup","article_modified_time":"2025-09-18T12:16:07+00:00","og_image":[{"width":1200,"height":400,"url":"https:\/\/variogroup.com\/wp-content\/uploads\/2020\/06\/service.jpg","type":"image\/jpeg"}],"twitter_card":"summary_large_image","twitter_misc":{"Szacowany czas czytania":"2 minuty"},"schema":{"@context":"https:\/\/schema.org","@graph":[{"@type":"WebPage","@id":"https:\/\/variogroup.com\/pl\/pomoc\/","url":"https:\/\/variogroup.com\/pl\/pomoc\/","name":"Skontaktuj si\u0119 z naszym dzia\u0142em serwisowym | Variogroup","isPartOf":{"@id":"https:\/\/variogroup.com\/#website"},"primaryImageOfPage":{"@id":"https:\/\/variogroup.com\/pl\/pomoc\/#primaryimage"},"image":{"@id":"https:\/\/variogroup.com\/pl\/pomoc\/#primaryimage"},"thumbnailUrl":"https:\/\/variogroup.com\/wp-content\/uploads\/2020\/06\/service.jpg","datePublished":"2020-07-13T06:56:28+00:00","dateModified":"2025-09-18T12:16:07+00:00","description":"Serwis i wsparcie jest wa\u017cn\u0105 cz\u0119\u015bci\u0105 Variopool. Za po\u015brednictwem tej strony mog\u0105 Pa\u0144stwo skontaktowa\u0107 si\u0119 bezpo\u015brednio z naszym dzia\u0142em","breadcrumb":{"@id":"https:\/\/variogroup.com\/pl\/pomoc\/#breadcrumb"},"inLanguage":"pl-PL","potentialAction":[{"@type":"ReadAction","target":["https:\/\/variogroup.com\/pl\/pomoc\/"]}]},{"@type":"ImageObject","inLanguage":"pl-PL","@id":"https:\/\/variogroup.com\/pl\/pomoc\/#primaryimage","url":"https:\/\/variogroup.com\/wp-content\/uploads\/2020\/06\/service.jpg","contentUrl":"https:\/\/variogroup.com\/wp-content\/uploads\/2020\/06\/service.jpg","width":1200,"height":400},{"@type":"BreadcrumbList","@id":"https:\/\/variogroup.com\/pl\/pomoc\/#breadcrumb","itemListElement":[{"@type":"ListItem","position":1,"name":"Home","item":"https:\/\/variogroup.com\/pl\/"},{"@type":"ListItem","position":2,"name":"Pomoc"}]},{"@type":"WebSite","@id":"https:\/\/variogroup.com\/#website","url":"https:\/\/variogroup.com\/","name":"Variogroup","description":"VarioGroup is een overkoepelend Internationaal bedrijf welke actief is in de zwembadbranche","publisher":{"@id":"https:\/\/variogroup.com\/#organization"},"potentialAction":[{"@type":"SearchAction","target":{"@type":"EntryPoint","urlTemplate":"https:\/\/variogroup.com\/?s={search_term_string}"},"query-input":{"@type":"PropertyValueSpecification","valueRequired":true,"valueName":"search_term_string"}}],"inLanguage":"pl-PL"},{"@type":"Organization","@id":"https:\/\/variogroup.com\/#organization","name":"Variogroup - Movable floors and more","url":"https:\/\/variogroup.com\/","logo":{"@type":"ImageObject","inLanguage":"pl-PL","@id":"https:\/\/variogroup.com\/#\/schema\/logo\/image\/","url":"https:\/\/variogroup.com\/wp-content\/uploads\/2020\/10\/all-logos.jpg","contentUrl":"https:\/\/variogroup.com\/wp-content\/uploads\/2020\/10\/all-logos.jpg","width":1000,"height":217,"caption":"Variogroup - Movable floors and more"},"image":{"@id":"https:\/\/variogroup.com\/#\/schema\/logo\/image\/"},"sameAs":["https:\/\/www.linkedin.com\/company\/variopool-b-v\/","https:\/\/www.youtube.com\/user\/VariopoolBV"]}]}},"_links":{"self":[{"href":"https:\/\/variogroup.com\/pl\/wp-json\/wp\/v2\/pages\/2060","targetHints":{"allow":["GET"]}}],"collection":[{"href":"https:\/\/variogroup.com\/pl\/wp-json\/wp\/v2\/pages"}],"about":[{"href":"https:\/\/variogroup.com\/pl\/wp-json\/wp\/v2\/types\/page"}],"author":[{"embeddable":true,"href":"https:\/\/variogroup.com\/pl\/wp-json\/wp\/v2\/users\/6"}],"replies":[{"embeddable":true,"href":"https:\/\/variogroup.com\/pl\/wp-json\/wp\/v2\/comments?post=2060"}],"version-history":[{"count":11,"href":"https:\/\/variogroup.com\/pl\/wp-json\/wp\/v2\/pages\/2060\/revisions"}],"predecessor-version":[{"id":8691,"href":"https:\/\/variogroup.com\/pl\/wp-json\/wp\/v2\/pages\/2060\/revisions\/8691"}],"wp:featuredmedia":[{"embeddable":true,"href":"https:\/\/variogroup.com\/pl\/wp-json\/wp\/v2\/media\/485"}],"wp:attachment":[{"href":"https:\/\/variogroup.com\/pl\/wp-json\/wp\/v2\/media?parent=2060"}],"curies":[{"name":"wp","href":"https:\/\/api.w.org\/{rel}","templated":true}]}}